{"id":1303,"date":"2026-04-04T13:04:05","date_gmt":"2026-04-04T13:04:05","guid":{"rendered":"https:\/\/www.showman.moda\/?product=oculos-de-sol-masculino-mormaii-madri-preto-brilho-l-cinza"},"modified":"2026-04-08T12:05:15","modified_gmt":"2026-04-08T12:05:15","slug":"oculos-de-sol-masculino-mormaii-madri-preto-brilho-l-cinza","status":"publish","type":"product","link":"https:\/\/www.showman.moda\/?product=oculos-de-sol-masculino-mormaii-madri-preto-brilho-l-cinza","title":{"rendered":"\u00d3culos de Sol Masculino Mormaii Madri Preto Cintila\u00e7\u00e3o L. Cinza"},"content":{"rendered":"<p>Cor da arma\u00e7\u00e3o: Preto brilhante<br \/>\nCor da lente: Cinza<br \/>\nMaterial da arma\u00e7\u00e3o: Grilamid<\/p>\n<p>Tamanho das lentes:<\/p>\n<ul>\n<li>Horizontal: 57 mm<\/li>\n<li>Vertical: 41 mm<\/li>\n<\/ul>\n<p>Medidas da arma\u00e7\u00e3o:<\/p>\n<ul>\n<li>De haste a haste: 137 mm<\/li>\n<li>Comprimento da haste: 140 mm<\/li>\n<li>Ponte: 18 mm<\/li>\n<\/ul>\n<p><strong>Itens inclusos:<\/strong><\/p>\n<ul>\n<li>\u00d3culos<\/li>\n<li>Caixa<\/li>\n<li>Estojo<\/li>\n<li>Flanela<\/li>\n<li>Certificado<\/li>\n<li>Nota fiscal<\/li>\n<\/ul>\n<ul class=\"amazon-product-details\">\n<li>Dimenses do produto : 21 x 12 x 12 cm; 200 g<\/li>\n<li>Fabricante : JR ADAMVER INDUSTRIA E COMERCIO DE PRODUTOS OTICOS S\/A<\/li>\n<li>ASIN : B0BZJMRSY7<\/li>\n<li>Nmero do modelo : M0095A0201<\/li>\n<li>Departamento : masculino<\/li>\n<\/ul>\n<ul class=\"amazon-about-product\">\n<li>\u00d3culos original, com cerificado da fabricante e garantia de at\u00e9 3 meses. Para acionar a garantia ou assist\u00eancia t\u00e9cnica, entre em contato com a fabricante pelo 0800 642 2001.<\/li>\n<\/ul>\n","protected":false},"excerpt":{"rendered":"<p>Cor da Armao: Preto Brilho Cor da Lente: Cinza Material da Armao: GrilamidTamanho das Lentes: Horizontal: 57mm Vertical: 41mmTamanho Armao: De haste a haste: 137mm Comprimento da haste: 140mm Ponte: 18mmItens Inclusos Oculos Caixa Estojo Flanela Certificado Nota fiscal<\/p>\n","protected":false},"featured_media":1304,"comment_status":"open","ping_status":"open","template":"","meta":[],"product_brand":[],"product_cat":[201,202],"product_tag":[225,207],"class_list":{"0":"post-1303","1":"product","2":"type-product","3":"status-publish","4":"has-post-thumbnail","6":"product_cat-acesssorios","7":"product_cat-oculos","8":"product_tag-mormaii-madri-preto","9":"product_tag-oculos-de-sol-masculino","11":"first","12":"instock","13":"shipping-taxable","14":"product-type-external"},"_links":{"self":[{"href":"https:\/\/www.showman.moda\/index.php?rest_route=\/wp\/v2\/product\/1303","targetHints":{"allow":["GET"]}}],"collection":[{"href":"https:\/\/www.showman.moda\/index.php?rest_route=\/wp\/v2\/product"}],"about":[{"href":"https:\/\/www.showman.moda\/index.php?rest_route=\/wp\/v2\/types\/product"}],"replies":[{"embeddable":true,"href":"https:\/\/www.showman.moda\/index.php?rest_route=%2Fwp%2Fv2%2Fcomments&post=1303"}],"wp:featuredmedia":[{"embeddable":true,"href":"https:\/\/www.showman.moda\/index.php?rest_route=\/wp\/v2\/media\/1304"}],"wp:attachment":[{"href":"https:\/\/www.showman.moda\/index.php?rest_route=%2Fwp%2Fv2%2Fmedia&parent=1303"}],"wp:term":[{"taxonomy":"product_brand","embeddable":true,"href":"https:\/\/www.showman.moda\/index.php?rest_route=%2Fwp%2Fv2%2Fproduct_brand&post=1303"},{"taxonomy":"product_cat","embeddable":true,"href":"https:\/\/www.showman.moda\/index.php?rest_route=%2Fwp%2Fv2%2Fproduct_cat&post=1303"},{"taxonomy":"product_tag","embeddable":true,"href":"https:\/\/www.showman.moda\/index.php?rest_route=%2Fwp%2Fv2%2Fproduct_tag&post=1303"}],"curies":[{"name":"wp","href":"https:\/\/api.w.org\/{rel}","templated":true}]}}