{"id":1317,"date":"2026-04-04T14:09:03","date_gmt":"2026-04-04T14:09:03","guid":{"rendered":"https:\/\/www.showman.moda\/?product=holbrook-oakley-adulto"},"modified":"2026-04-08T12:05:20","modified_gmt":"2026-04-08T12:05:20","slug":"holbrook-oakley-adulto","status":"publish","type":"product","link":"https:\/\/www.showman.moda\/?product=holbrook-oakley-adulto","title":{"rendered":"HOLBROOK OAKLEY ADULTO"},"content":{"rendered":"<p>Claro \u2014 posso alternar o conte\u00fado, mas preciso que voc\u00ea me confirme <strong>como<\/strong> quer a troca.<\/p>\n<p>Voc\u00ea quer que eu:<\/p>\n<ol>\n<li><strong>Corrija\/normalize<\/strong> o texto (pontua\u00e7\u00e3o, espa\u00e7os, acentos e unidades), ou<\/li>\n<li><strong>Reescreva em outro formato<\/strong> (ex.: descri\u00e7\u00e3o para e-commerce), ou<\/li>\n<li><strong>Inverta\/embaralhe<\/strong> a ordem das informa\u00e7\u00f5es (ex.: \u201cLentes Grey\u201d primeiro)?<\/li>\n<\/ol>\n<p>Enquanto voc\u00ea confirma, aqui v\u00e3o <strong>duas vers\u00f5es alternativas<\/strong> (voc\u00ea escolhe a que prefere):<\/p>\n<p><strong>Op\u00e7\u00e3o A (normalizada, pronta para an\u00fancio):<\/strong><br \/>\nCulos de Sol Oakley Holbrook 0OO9102L 910201 Tam 55 \/ Preto Fosco \u2014 Lentes Grey<\/p>\n<p><strong>Op\u00e7\u00e3o B (formato mais \u201cdescritivo\u201d):<\/strong><br \/>\n\u00d3culos de Sol Oakley Holbrook (c\u00f3digo 0OO9102L \/ 910201), tamanho 55. Cor da arma\u00e7\u00e3o: Preto Fosco. Lentes: Grey.<\/p>\n<p>Se voc\u00ea me disser qual op\u00e7\u00e3o (A ou B) ou mandar um exemplo do seu padr\u00e3o de an\u00fancio, eu ajusto no formato certinho.<\/p>\n<ul class=\"amazon-about-product\">\n<li>Prote\u00e7\u00e3o UV<\/li>\n<\/ul>\n","protected":false},"excerpt":{"rendered":"<p>culos de Sol Oakley Holbrook 0OO9102L 910201 Tam 55 \/ Preto Fosco &#8211; Lentes Grey<\/p>\n","protected":false},"featured_media":1318,"comment_status":"open","ping_status":"open","template":"","meta":[],"product_brand":[],"product_cat":[201,202],"product_tag":[234,235],"class_list":{"0":"post-1317","1":"product","2":"type-product","3":"status-publish","4":"has-post-thumbnail","6":"product_cat-acesssorios","7":"product_cat-oculos","8":"product_tag-holbrook-oakley","9":"product_tag-oakley-adulto","11":"first","12":"instock","13":"shipping-taxable","14":"product-type-external"},"_links":{"self":[{"href":"https:\/\/www.showman.moda\/index.php?rest_route=\/wp\/v2\/product\/1317","targetHints":{"allow":["GET"]}}],"collection":[{"href":"https:\/\/www.showman.moda\/index.php?rest_route=\/wp\/v2\/product"}],"about":[{"href":"https:\/\/www.showman.moda\/index.php?rest_route=\/wp\/v2\/types\/product"}],"replies":[{"embeddable":true,"href":"https:\/\/www.showman.moda\/index.php?rest_route=%2Fwp%2Fv2%2Fcomments&post=1317"}],"wp:featuredmedia":[{"embeddable":true,"href":"https:\/\/www.showman.moda\/index.php?rest_route=\/wp\/v2\/media\/1318"}],"wp:attachment":[{"href":"https:\/\/www.showman.moda\/index.php?rest_route=%2Fwp%2Fv2%2Fmedia&parent=1317"}],"wp:term":[{"taxonomy":"product_brand","embeddable":true,"href":"https:\/\/www.showman.moda\/index.php?rest_route=%2Fwp%2Fv2%2Fproduct_brand&post=1317"},{"taxonomy":"product_cat","embeddable":true,"href":"https:\/\/www.showman.moda\/index.php?rest_route=%2Fwp%2Fv2%2Fproduct_cat&post=1317"},{"taxonomy":"product_tag","embeddable":true,"href":"https:\/\/www.showman.moda\/index.php?rest_route=%2Fwp%2Fv2%2Fproduct_tag&post=1317"}],"curies":[{"name":"wp","href":"https:\/\/api.w.org\/{rel}","templated":true}]}}