{"id":1344,"date":"2026-04-04T15:16:28","date_gmt":"2026-04-04T15:16:28","guid":{"rendered":"https:\/\/www.showman.moda\/?product=oculos-de-sol-oakley-gibston-0oo9449-944904-tam-60"},"modified":"2026-04-08T12:05:29","modified_gmt":"2026-04-08T12:05:29","slug":"oculos-de-sol-oakley-gibston-0oo9449-944904-tam-60","status":"publish","type":"product","link":"https:\/\/www.showman.moda\/?product=oculos-de-sol-oakley-gibston-0oo9449-944904-tam-60","title":{"rendered":"\u00f3culos de Sol Oakley Gibston 0OO9449 944904 Tam 60"},"content":{"rendered":"<ul class=\"amazon-product-details\">\n<li>Fabricante : Luxottica<\/li>\n<li>ASIN : B0FHJC8N6C<\/li>\n<li>Nmero do modelo : 0OO9449<\/li>\n<\/ul>\n<ul class=\"amazon-about-product\">\n<li>COMPAT\u00cdVEIS COM BON\u00c9: Arma\u00e7\u00e3o compat\u00edvel com bon\u00e9 e design das hastes com comprimento maior<\/li>\n<li>PROTE\u00c7\u00c3O: O design da arma\u00e7\u00e3o altamente envolvente lhe dar\u00e1 prote\u00e7\u00e3o, sob todos os \u00e2ngulos<\/li>\n<\/ul>\n","protected":false},"excerpt":{"rendered":"<p>Fabricante : Luxottica ASIN : B0FHJC8N6C Nmero do modelo : 0OO9449 COMPAT\u00cdVEIS COM BON\u00c9: Arma\u00e7\u00e3o compat\u00edvel com bon\u00e9 e design das hastes com comprimento maior PROTE\u00c7\u00c3O: O design da arma\u00e7\u00e3o altamente envolvente lhe dar\u00e1 prote\u00e7\u00e3o, sob todos os \u00e2ngulos<\/p>\n","protected":false},"featured_media":1345,"comment_status":"open","ping_status":"open","template":"","meta":[],"product_brand":[],"product_cat":[201,202],"product_tag":[249,250],"class_list":{"0":"post-1344","1":"product","2":"type-product","3":"status-publish","4":"has-post-thumbnail","6":"product_cat-acesssorios","7":"product_cat-oculos","8":"product_tag-oakley-gibston-0oo9449","9":"product_tag-oculos-de-sol-oakley","11":"first","12":"instock","13":"shipping-taxable","14":"product-type-external"},"_links":{"self":[{"href":"https:\/\/www.showman.moda\/index.php?rest_route=\/wp\/v2\/product\/1344","targetHints":{"allow":["GET"]}}],"collection":[{"href":"https:\/\/www.showman.moda\/index.php?rest_route=\/wp\/v2\/product"}],"about":[{"href":"https:\/\/www.showman.moda\/index.php?rest_route=\/wp\/v2\/types\/product"}],"replies":[{"embeddable":true,"href":"https:\/\/www.showman.moda\/index.php?rest_route=%2Fwp%2Fv2%2Fcomments&post=1344"}],"wp:featuredmedia":[{"embeddable":true,"href":"https:\/\/www.showman.moda\/index.php?rest_route=\/wp\/v2\/media\/1345"}],"wp:attachment":[{"href":"https:\/\/www.showman.moda\/index.php?rest_route=%2Fwp%2Fv2%2Fmedia&parent=1344"}],"wp:term":[{"taxonomy":"product_brand","embeddable":true,"href":"https:\/\/www.showman.moda\/index.php?rest_route=%2Fwp%2Fv2%2Fproduct_brand&post=1344"},{"taxonomy":"product_cat","embeddable":true,"href":"https:\/\/www.showman.moda\/index.php?rest_route=%2Fwp%2Fv2%2Fproduct_cat&post=1344"},{"taxonomy":"product_tag","embeddable":true,"href":"https:\/\/www.showman.moda\/index.php?rest_route=%2Fwp%2Fv2%2Fproduct_tag&post=1344"}],"curies":[{"name":"wp","href":"https:\/\/api.w.org\/{rel}","templated":true}]}}