{"id":1362,"date":"2026-04-04T17:50:54","date_gmt":"2026-04-04T17:50:54","guid":{"rendered":"https:\/\/www.showman.moda\/?product=oculos-de-sol-aviador-polarizado-premium-rwx"},"modified":"2026-04-08T12:05:34","modified_gmt":"2026-04-08T12:05:34","slug":"oculos-de-sol-aviador-polarizado-premium-rwx","status":"publish","type":"product","link":"https:\/\/www.showman.moda\/?product=oculos-de-sol-aviador-polarizado-premium-rwx","title":{"rendered":"\u00d3culos de Sol Aviador Polarizado Premium RWX"},"content":{"rendered":"<div class=\"amazon-product-description\">Caro Cliente , Seja bem vindo nossa loja ! Caractersticas: Modelo ORIGINAL PREMIUM POLARIZADO Lentes em policarbonato polarizado com proteo contra raios solares UV 400. Armao em Acetato. Unissex. &#8212; Dimenses: Altura da Lente: 5,0cm Largura da Lente: 5,1 cm Largura da armao: 15 cm Largura da hastes (ou pernas): 13.8 cm &#8212; Itens que acompanham sua compra: culos de Sol; Case de polister; Pano para limpeza; Descubra a combinao perfeita de estilo e proteo com nossos culos de sol masculino. Feitos com materiais de alta qualidade, oferecemos designs modernos que complementam seu visual. Nossas lentes bloqueiam 100% dos raios UVA e UVB, mantendo seus olhos seguros. Lentes polarizadas que reduz o brilho e melhora a clareza visual, proporcionam uma viso mais relaxada e sem interferncias luminosas. Durveis, confortveis e cheios de estilo, esses culos so essenciais para qualquer atividade ao ar livre.<\/div>\n<ul class=\"amazon-product-details\">\n<li>Dimenses do produto : 10,2 x 18,8 x 7,1 cm; 300 g<\/li>\n<li>Fabricante : RWX<\/li>\n<li>ASIN : B0DLLF5XDK<\/li>\n<li>Pas de origem : Brasil<\/li>\n<li>Departamento : adulto-unissex<\/li>\n<\/ul>\n<ul class=\"amazon-about-product\">\n<li>Modelo ORIGINAL Aviador PREMIUM POLARIZADO Unissex Lentes em policarbonato polarizado com prote\u00e7\u00e3o contra raios solares UV 400. Arma\u00e7\u00e3o em Acetato. Unissex.<\/li>\n<\/ul>\n<p>Caro Cliente, seja bem-vindo \u00e0 nossa loja!<\/p>\n<p><strong>Caracter\u00edsticas:<\/strong><\/p>\n<ul>\n<li>Modelo original premium<\/li>\n<li>Lentes em policarbonato polarizado com prote\u00e7\u00e3o contra raios solares UV 400<\/li>\n<li>Arma\u00e7\u00e3o em acetato<\/li>\n<li>Unissex<\/li>\n<\/ul>\n<p><strong>Dimens\u00f5es:<\/strong><\/p>\n<ul>\n<li>Altura da lente: 5,0 cm<\/li>\n<li>Largura da lente: 5,1 cm<\/li>\n<li>Largura da arma\u00e7\u00e3o: 15 cm<\/li>\n<li>Largura das hastes (ou pernas): 13,8 cm<\/li>\n<\/ul>\n<p><strong>Itens que acompanham sua compra:<\/strong><\/p>\n<ul>\n<li>\u00d3culos de sol<\/li>\n<li>Case de poli\u00e9ster<\/li>\n<li>Pano para limpeza<\/li>\n<\/ul>\n<p>Descubra a combina\u00e7\u00e3o perfeita de estilo e prote\u00e7\u00e3o com nossos \u00f3culos de sol masculino. Feitos com materiais de alta qualidade, oferecemos designs modernos que complementam seu visual. Nossas lentes bloqueiam 100% dos raios UVA e UVB, mantendo seus olhos seguros. Lentes polarizadas que reduzem o brilho e melhoram a clareza visual, proporcionando uma vis\u00e3o mais relaxada e sem interfer\u00eancias luminosas. Dur\u00e1veis, confort\u00e1veis e cheios de estilo, esses \u00f3culos s\u00e3o essenciais para qualquer atividade ao ar livre.<\/p>\n","protected":false},"excerpt":{"rendered":"<p>Caro Cliente , Seja bem vindo nossa loja ! Caractersticas: Modelo ORIGINAL PREMIUM POLARIZADO Lentes em policarbonato polarizado com proteo contra raios solares UV 400. Armao em Acetato. Unissex. &#8212; Dimenses: Altura da Lente: 5,0cm Largura da Lente: 5,1 cm..<\/p>\n","protected":false},"featured_media":1363,"comment_status":"open","ping_status":"open","template":"","meta":[],"product_brand":[],"product_cat":[201,202],"product_tag":[233,258],"class_list":{"0":"post-1362","1":"product","2":"type-product","3":"status-publish","4":"has-post-thumbnail","6":"product_cat-acesssorios","7":"product_cat-oculos","8":"product_tag-oculos-de-sol-aviador","9":"product_tag-oculos-polarizados-premium","11":"first","12":"instock","13":"shipping-taxable","14":"product-type-external"},"_links":{"self":[{"href":"https:\/\/www.showman.moda\/index.php?rest_route=\/wp\/v2\/product\/1362","targetHints":{"allow":["GET"]}}],"collection":[{"href":"https:\/\/www.showman.moda\/index.php?rest_route=\/wp\/v2\/product"}],"about":[{"href":"https:\/\/www.showman.moda\/index.php?rest_route=\/wp\/v2\/types\/product"}],"replies":[{"embeddable":true,"href":"https:\/\/www.showman.moda\/index.php?rest_route=%2Fwp%2Fv2%2Fcomments&post=1362"}],"wp:featuredmedia":[{"embeddable":true,"href":"https:\/\/www.showman.moda\/index.php?rest_route=\/wp\/v2\/media\/1363"}],"wp:attachment":[{"href":"https:\/\/www.showman.moda\/index.php?rest_route=%2Fwp%2Fv2%2Fmedia&parent=1362"}],"wp:term":[{"taxonomy":"product_brand","embeddable":true,"href":"https:\/\/www.showman.moda\/index.php?rest_route=%2Fwp%2Fv2%2Fproduct_brand&post=1362"},{"taxonomy":"product_cat","embeddable":true,"href":"https:\/\/www.showman.moda\/index.php?rest_route=%2Fwp%2Fv2%2Fproduct_cat&post=1362"},{"taxonomy":"product_tag","embeddable":true,"href":"https:\/\/www.showman.moda\/index.php?rest_route=%2Fwp%2Fv2%2Fproduct_tag&post=1362"}],"curies":[{"name":"wp","href":"https:\/\/api.w.org\/{rel}","templated":true}]}}