{"id":1364,"date":"2026-04-04T17:57:53","date_gmt":"2026-04-04T17:57:53","guid":{"rendered":"https:\/\/www.showman.moda\/?product=oculos-de-sol-madeira-bambu-premium-masculino-quadrado-vero"},"modified":"2026-04-08T12:05:35","modified_gmt":"2026-04-08T12:05:35","slug":"oculos-de-sol-madeira-bambu-premium-masculino-quadrado-vero","status":"publish","type":"product","link":"https:\/\/www.showman.moda\/?product=oculos-de-sol-madeira-bambu-premium-masculino-quadrado-vero","title":{"rendered":"\u00d3culos de Sol Madeira Bambu Premium Masculino Quadrado Vero"},"content":{"rendered":"<ul class=\"amazon-product-details\">\n<li>Dimenses da embalagem : 15,6 x 13,1 x 4 cm; 30 g<\/li>\n<li>ASIN : B0FLYHCFMH<\/li>\n<li>Pas de origem : Brasil<\/li>\n<li>Departamento : masculino<\/li>\n<\/ul>\n<ul class=\"amazon-about-product\">\n<li>&#8211; Largura da lente: 53 mm<\/li>\n<li>&#8211; Largura da arma\u00e7\u00e3o: 143 mm<\/li>\n<li>&#8211; Comprimento da haste: 135 mm<\/li>\n<li>&#8211; Ponte: 17 mm<\/li>\n<li>&#8211; CONT\u00c9M PROTE\u00c7\u00c3O UV400<\/li>\n<\/ul>\n","protected":false},"excerpt":{"rendered":"<p>Dimenses da embalagem : 15,6 x 13,1 x 4 cm; 30 g ASIN : B0FLYHCFMH Pas de origem : Brasil Departamento : masculino &#8211; Largura da lente: 53 mm &#8211; Largura da arma\u00e7\u00e3o: 143 mm &#8211; Comprimento da haste: 135 mm &#8211; Ponte: 17 mm &#8211; CONT\u00c9M PROTE\u00c7\u00c3O UV400<\/p>\n","protected":false},"featured_media":1365,"comment_status":"open","ping_status":"open","template":"","meta":[],"product_brand":[],"product_cat":[201,202],"product_tag":[204,259],"class_list":{"0":"post-1364","1":"product","2":"type-product","3":"status-publish","4":"has-post-thumbnail","6":"product_cat-acesssorios","7":"product_cat-oculos","8":"product_tag-oculos-de-sol","9":"product_tag-oculos-masculino","11":"first","12":"instock","13":"shipping-taxable","14":"product-type-external"},"_links":{"self":[{"href":"https:\/\/www.showman.moda\/index.php?rest_route=\/wp\/v2\/product\/1364","targetHints":{"allow":["GET"]}}],"collection":[{"href":"https:\/\/www.showman.moda\/index.php?rest_route=\/wp\/v2\/product"}],"about":[{"href":"https:\/\/www.showman.moda\/index.php?rest_route=\/wp\/v2\/types\/product"}],"replies":[{"embeddable":true,"href":"https:\/\/www.showman.moda\/index.php?rest_route=%2Fwp%2Fv2%2Fcomments&post=1364"}],"wp:featuredmedia":[{"embeddable":true,"href":"https:\/\/www.showman.moda\/index.php?rest_route=\/wp\/v2\/media\/1365"}],"wp:attachment":[{"href":"https:\/\/www.showman.moda\/index.php?rest_route=%2Fwp%2Fv2%2Fmedia&parent=1364"}],"wp:term":[{"taxonomy":"product_brand","embeddable":true,"href":"https:\/\/www.showman.moda\/index.php?rest_route=%2Fwp%2Fv2%2Fproduct_brand&post=1364"},{"taxonomy":"product_cat","embeddable":true,"href":"https:\/\/www.showman.moda\/index.php?rest_route=%2Fwp%2Fv2%2Fproduct_cat&post=1364"},{"taxonomy":"product_tag","embeddable":true,"href":"https:\/\/www.showman.moda\/index.php?rest_route=%2Fwp%2Fv2%2Fproduct_tag&post=1364"}],"curies":[{"name":"wp","href":"https:\/\/api.w.org\/{rel}","templated":true}]}}