{"id":1376,"date":"2026-04-04T18:30:35","date_gmt":"2026-04-04T18:30:35","guid":{"rendered":"https:\/\/www.showman.moda\/?product=oculos-de-sol-mormaii-amazonia-2-preto-0044211771"},"modified":"2026-04-08T12:05:41","modified_gmt":"2026-04-08T12:05:41","slug":"oculos-de-sol-mormaii-amazonia-2-preto-0044211771","status":"publish","type":"product","link":"https:\/\/www.showman.moda\/?product=oculos-de-sol-mormaii-amazonia-2-preto-0044211771","title":{"rendered":"\u00d3culos de Sol Mormaii Amazonia 2 Preto 0044211771"},"content":{"rendered":"<div class=\"amazon-product-description\">Os culos amaznia 2 apresentam linhas mais robustas e ngulos mais acentuados, mas mantm o design e dna 100% nacional, com nose anatmico e dobradia plstica para ficar mais leve, os culos conferem conforto e proteo para homens e mulheres que optam por um modelo esportivo, produzido em grilamid, a nova verso dos culos de sol apresentam tambm cores fceis de usar e dez opes com aplicaes de grafismos metlicos na lateral. Marca: MormaiiModelo: Amazonia 2Gnero: UnissexFormato: EsporteMaterial da Armao: GrilamidMaterial da Lente: PolicarbonatoCor da Armao: PretoCor da Lente: CinzaPolarizado: NoTipo da Lente: EspelhadaLargura da Lente: 7,4 cmAltura da Lente: 4,5 cmComprimento da Haste: 11,5 cmMedida da Ponte: 1,5 cmGarantia :Este culos foi adquirido junto ao representante legal e possui 12 Meses de Garantia em toda Rede de Assistncia Tcnica no pas. O culos acompanha:Estojo OriginalPano de limpezaManual em PortugusCertificado de Garantia do Fabricante<\/div>\n<p>Os \u00f3culos Amaz\u00f4nia 2 apresentam linhas mais robustas e \u00e2ngulos mais acentuados, mas mant\u00eam o design e DNA 100% nacional, com nariz anat\u00f4mico e dobradi\u00e7a pl\u00e1stica para ficar mais leve. Os \u00f3culos conferem conforto e prote\u00e7\u00e3o para homens e mulheres que optam por um modelo esportivo. Produzido em grilamid, a nova vers\u00e3o dos \u00f3culos de sol traz tamb\u00e9m cores f\u00e1ceis de usar e dez op\u00e7\u00f5es com aplica\u00e7\u00f5es de grafismos met\u00e1licos na lateral.<\/p>\n<p><strong>Marca:<\/strong> Mormaii<br \/>\n<strong>Modelo:<\/strong> Amaz\u00f4nia 2<\/p>\n<p><strong>Garantia:<\/strong> Este \u00f3culos foi adquirido junto ao representante legal e possui 12 meses de garantia em toda a rede de assist\u00eancia t\u00e9cnica no pa\u00eds.<\/p>\n<p><strong>Acompanha:<\/strong> Estojo original, pano de limpeza, manual em portugu\u00eas e certificado de garantia do fabricante.<\/p>\n","protected":false},"excerpt":{"rendered":"<p>Os culos amaznia 2 apresentam linhas mais robustas e ngulos mais acentuados, mas mantm o design e dna 100% nacional, com nose anatmico e dobradia plstica para ficar mais leve, os culos conferem conforto e proteo para homens e mulheres..<\/p>\n","protected":false},"featured_media":1377,"comment_status":"open","ping_status":"open","template":"","meta":[],"product_brand":[],"product_cat":[201,202],"product_tag":[264,204],"class_list":{"0":"post-1376","1":"product","2":"type-product","3":"status-publish","4":"has-post-thumbnail","6":"product_cat-acesssorios","7":"product_cat-oculos","8":"product_tag-mormaii-amazonia","9":"product_tag-oculos-de-sol","11":"first","12":"instock","13":"shipping-taxable","14":"product-type-external"},"_links":{"self":[{"href":"https:\/\/www.showman.moda\/index.php?rest_route=\/wp\/v2\/product\/1376","targetHints":{"allow":["GET"]}}],"collection":[{"href":"https:\/\/www.showman.moda\/index.php?rest_route=\/wp\/v2\/product"}],"about":[{"href":"https:\/\/www.showman.moda\/index.php?rest_route=\/wp\/v2\/types\/product"}],"replies":[{"embeddable":true,"href":"https:\/\/www.showman.moda\/index.php?rest_route=%2Fwp%2Fv2%2Fcomments&post=1376"}],"wp:featuredmedia":[{"embeddable":true,"href":"https:\/\/www.showman.moda\/index.php?rest_route=\/wp\/v2\/media\/1377"}],"wp:attachment":[{"href":"https:\/\/www.showman.moda\/index.php?rest_route=%2Fwp%2Fv2%2Fmedia&parent=1376"}],"wp:term":[{"taxonomy":"product_brand","embeddable":true,"href":"https:\/\/www.showman.moda\/index.php?rest_route=%2Fwp%2Fv2%2Fproduct_brand&post=1376"},{"taxonomy":"product_cat","embeddable":true,"href":"https:\/\/www.showman.moda\/index.php?rest_route=%2Fwp%2Fv2%2Fproduct_cat&post=1376"},{"taxonomy":"product_tag","embeddable":true,"href":"https:\/\/www.showman.moda\/index.php?rest_route=%2Fwp%2Fv2%2Fproduct_tag&post=1376"}],"curies":[{"name":"wp","href":"https:\/\/api.w.org\/{rel}","templated":true}]}}