{"id":1378,"date":"2026-04-04T18:37:03","date_gmt":"2026-04-04T18:37:03","guid":{"rendered":"https:\/\/www.showman.moda\/?product=oculos-de-sol-radar-ev-path-oakley-masculino"},"modified":"2026-04-08T12:05:41","modified_gmt":"2026-04-08T12:05:41","slug":"oculos-de-sol-radar-ev-path-oakley-masculino","status":"publish","type":"product","link":"https:\/\/www.showman.moda\/?product=oculos-de-sol-radar-ev-path-oakley-masculino","title":{"rendered":"\u00d3culos de Sol RADAR EV PATH Oakley Masculino"},"content":{"rendered":"<div class=\"amazon-product-description\">A icnica armao americana enfatizada pelos rebites metlicos e os cones Oakley. perfeita para quem busca performance e estilo ao mesmo tempo. Material leve da armao O Matter com cone metlico Square O e rebites frontais Tecnologia das lentes com curvatura de base 6 com HDO Opes de lente Polarizada e Iridium As lentes da Oakley so projetadas e testadas sob circunstncias de velocidade e impacto extremamente altas para garantir uma grande proteo em uma ampla variedade de condies rigorosas.<\/div>\n<ul class=\"amazon-product-details\">\n<li>Dimenses do produto : 18 x 9 x 8 cm; 160 g<\/li>\n<li>Fabricante : Luxottica<\/li>\n<li>ASIN : B0CVVY35XM<\/li>\n<li>Nmero do modelo : OO9208<\/li>\n<li>Departamento : masculino<\/li>\n<\/ul>\n<ul class=\"amazon-about-product\">\n<li>Prote\u00e7\u00e3o UV<\/li>\n<\/ul>\n<p>A arma\u00e7\u00e3o \u00e9 americana e tem um visual marcante, destacada pelos rebites met\u00e1licos e pelos cones Oakley. \u00c9 perfeita para quem busca performance e estilo ao mesmo tempo.<\/p>\n<p>A arma\u00e7\u00e3o \u00e9 leve, feita em O Matter, com cone met\u00e1lico Square O e rebites frontais.<\/p>\n<p>As lentes possuem curvatura de base 6, com tecnologia HDO e lentes polarizadas com acabamento Iridium. Elas s\u00e3o projetadas e testadas para suportar condi\u00e7\u00f5es extremamente exigentes de velocidade e impacto, garantindo grande prote\u00e7\u00e3o em diversas situa\u00e7\u00f5es rigorosas.<\/p>\n","protected":false},"excerpt":{"rendered":"<p>A icnica armao americana enfatizada pelos rebites metlicos e os cones Oakley. perfeita para quem busca performance e estilo ao mesmo tempo. Material leve da armao O Matter com cone metlico Square O e rebites frontais Tecnologia das lentes com..<\/p>\n","protected":false},"featured_media":1379,"comment_status":"open","ping_status":"open","template":"","meta":[],"product_brand":[],"product_cat":[201,202],"product_tag":[265,207],"class_list":{"0":"post-1378","1":"product","2":"type-product","3":"status-publish","4":"has-post-thumbnail","6":"product_cat-acesssorios","7":"product_cat-oculos","8":"product_tag-oakley-radar-ev-path","9":"product_tag-oculos-de-sol-masculino","11":"first","12":"instock","13":"shipping-taxable","14":"product-type-external"},"_links":{"self":[{"href":"https:\/\/www.showman.moda\/index.php?rest_route=\/wp\/v2\/product\/1378","targetHints":{"allow":["GET"]}}],"collection":[{"href":"https:\/\/www.showman.moda\/index.php?rest_route=\/wp\/v2\/product"}],"about":[{"href":"https:\/\/www.showman.moda\/index.php?rest_route=\/wp\/v2\/types\/product"}],"replies":[{"embeddable":true,"href":"https:\/\/www.showman.moda\/index.php?rest_route=%2Fwp%2Fv2%2Fcomments&post=1378"}],"wp:featuredmedia":[{"embeddable":true,"href":"https:\/\/www.showman.moda\/index.php?rest_route=\/wp\/v2\/media\/1379"}],"wp:attachment":[{"href":"https:\/\/www.showman.moda\/index.php?rest_route=%2Fwp%2Fv2%2Fmedia&parent=1378"}],"wp:term":[{"taxonomy":"product_brand","embeddable":true,"href":"https:\/\/www.showman.moda\/index.php?rest_route=%2Fwp%2Fv2%2Fproduct_brand&post=1378"},{"taxonomy":"product_cat","embeddable":true,"href":"https:\/\/www.showman.moda\/index.php?rest_route=%2Fwp%2Fv2%2Fproduct_cat&post=1378"},{"taxonomy":"product_tag","embeddable":true,"href":"https:\/\/www.showman.moda\/index.php?rest_route=%2Fwp%2Fv2%2Fproduct_tag&post=1378"}],"curies":[{"name":"wp","href":"https:\/\/api.w.org\/{rel}","templated":true}]}}