{"id":1382,"date":"2026-04-04T18:58:10","date_gmt":"2026-04-04T18:58:10","guid":{"rendered":"https:\/\/www.showman.moda\/?product=oculos-de-sol-vero-madeira-bambu-masculino-quadrado"},"modified":"2026-04-08T12:05:43","modified_gmt":"2026-04-08T12:05:43","slug":"oculos-de-sol-vero-madeira-bambu-masculino-quadrado","status":"publish","type":"product","link":"https:\/\/www.showman.moda\/?product=oculos-de-sol-vero-madeira-bambu-masculino-quadrado","title":{"rendered":"\u00d3culos de Sol Vero Madeira Bambu Masculino Quadrado"},"content":{"rendered":"<p><div class=\"amazon-product-description\"> *CULOS DE SOL MADEIRA BAMBU* | PRODUTO EXCLUSIVO | MELHOR QUALIDADE DO MERCADO | PRODUTO TESTADO ANTES DO ENVIO! TODAS AS FOTOS CONTEM DIREITOS AUTORAIS NO UTILIZEM ELAS CULOS FIEL A IMAGEM DO ANNCIO! MEDIDAS: &#8211; Largura : 15cm &#8211; Altura : 5cm &#8211; Comprimento da haste: 14cm &#8211; Ponte: 1,5cm &#8211; CONTM PROTEO UV400 <\/div>\n<ul class=\"amazon-product-details\">\n<li> Dimenses da embalagem  :  14,6 x 5 x 3,8 cm; 30 g <\/li>\n<li> ASIN  :  B0FXPYW87C <\/li>\n<li> Pas de origem  :  Brasil <\/li>\n<li> Departamento  :  masculino <\/li>\n<li> Avaliaes dos clientes: 4,8 4,8 de 5 estrelas (14) var dpAcrHasRegisteredArcLinkClickAction; P.when(&#8216;A&#8217;, &#8216;ready&#8217;).execute(function(A) { if (dpAcrHasRegisteredArcLinkClickAction !== true) { dpAcrHasRegisteredArcLinkClickAction = true; A.declarative( &#8216;acrLink-click-metrics&#8217;, &#8216;click&#8217;, { &#8220;allowLinkDefault&#8221;: true }, function (event) { if (window.ue) { ue.count(&#8220;acrLinkClickCount&#8221;, (ue.count(&#8220;acrLinkClickCount&#8221;) || 0) + 1); } } ); } }); P.when(&#8216;A&#8217;, &#8216;cf&#8217;).execute(function(A) { A.declarative(&#8216;acrStarsLink-click-metrics&#8217;, &#8216;click&#8217;, { &#8220;allowLinkDefault&#8221; : true }, function(event){ if(window.ue) { ue.count(&#8220;acrStarsLinkWithPopoverClickCount&#8221;, (ue.count(&#8220;acrStarsLinkWithPopoverClickCount&#8221;) || 0) + 1); } }); }); <\/li>\n<\/ul>\n<ul class=\"amazon-about-product\">\n<li>MEDIDAS: &#8211; Largura da lente: 53 mm &#8211; Largura da arma\u00e7\u00e3o: 143 mm &#8211; Comprimento da haste: 135 mm &#8211; Ponte: 17 mm<\/li>\n<li>&#8211; CONT\u00c9M PROTE\u00c7\u00c3O UV400<\/li>\n<\/ul>\n<p><div class=\"amazon-product-description\"> *CULOS DE SOL MADEIRA BAMBU* | PRODUTO EXCLUSIVO | MELHOR QUALIDADE DO MERCADO | PRODUTO TESTADO ANTES DO ENVIO! TODAS AS FOTOS CONTEM DIREITOS AUTORAIS NO UTILIZEM ELAS CULOS FIEL A IMAGEM DO ANNCIO! MEDIDAS: &#8211; Largura : 15cm &#8211; Altura : 5cm &#8211; Comprimento da haste: 14cm &#8211; Ponte: 1,5cm &#8211; CONTM PROTEO UV400 <\/div><\/p>\n","protected":false},"excerpt":{"rendered":"<p>*CULOS DE SOL MADEIRA BAMBU* | PRODUTO EXCLUSIVO | MELHOR QUALIDADE DO MERCADO | PRODUTO TESTADO ANTES DO ENVIO! TODAS AS FOTOS CONTEM DIREITOS AUTORAIS NO UTILIZEM ELAS CULOS FIEL A IMAGEM DO ANNCIO! MEDIDAS: &#8211; Largura : 15cm -..<\/p>\n","protected":false},"featured_media":1383,"comment_status":"open","ping_status":"open","template":"","meta":[],"product_brand":[],"product_cat":[201,202],"product_tag":[207,266],"class_list":{"0":"post-1382","1":"product","2":"type-product","3":"status-publish","4":"has-post-thumbnail","6":"product_cat-acesssorios","7":"product_cat-oculos","8":"product_tag-oculos-de-sol-masculino","9":"product_tag-oculos-quadrado-madeira","11":"first","12":"instock","13":"shipping-taxable","14":"product-type-external"},"_links":{"self":[{"href":"https:\/\/www.showman.moda\/index.php?rest_route=\/wp\/v2\/product\/1382","targetHints":{"allow":["GET"]}}],"collection":[{"href":"https:\/\/www.showman.moda\/index.php?rest_route=\/wp\/v2\/product"}],"about":[{"href":"https:\/\/www.showman.moda\/index.php?rest_route=\/wp\/v2\/types\/product"}],"replies":[{"embeddable":true,"href":"https:\/\/www.showman.moda\/index.php?rest_route=%2Fwp%2Fv2%2Fcomments&post=1382"}],"wp:featuredmedia":[{"embeddable":true,"href":"https:\/\/www.showman.moda\/index.php?rest_route=\/wp\/v2\/media\/1383"}],"wp:attachment":[{"href":"https:\/\/www.showman.moda\/index.php?rest_route=%2Fwp%2Fv2%2Fmedia&parent=1382"}],"wp:term":[{"taxonomy":"product_brand","embeddable":true,"href":"https:\/\/www.showman.moda\/index.php?rest_route=%2Fwp%2Fv2%2Fproduct_brand&post=1382"},{"taxonomy":"product_cat","embeddable":true,"href":"https:\/\/www.showman.moda\/index.php?rest_route=%2Fwp%2Fv2%2Fproduct_cat&post=1382"},{"taxonomy":"product_tag","embeddable":true,"href":"https:\/\/www.showman.moda\/index.php?rest_route=%2Fwp%2Fv2%2Fproduct_tag&post=1382"}],"curies":[{"name":"wp","href":"https:\/\/api.w.org\/{rel}","templated":true}]}}