{"id":1386,"date":"2026-04-04T19:14:14","date_gmt":"2026-04-04T19:14:14","guid":{"rendered":"https:\/\/www.showman.moda\/?product=oculos-de-sol-unissex-maya-jungle-polarizado"},"modified":"2026-04-08T12:05:44","modified_gmt":"2026-04-08T12:05:44","slug":"oculos-de-sol-unissex-maya-jungle-polarizado","status":"publish","type":"product","link":"https:\/\/www.showman.moda\/?product=oculos-de-sol-unissex-maya-jungle-polarizado","title":{"rendered":"\u00d3culos de Sol Unissex Maya Jungle Polarizado"},"content":{"rendered":"<ul class=\"amazon-product-details\">\n<li>Dimenses do produto : 2,5 x 7 x 17 cm; 0,5 g<\/li>\n<li>Fabricante : Maya Glasses<\/li>\n<li>ASIN : B0CPZWZLWH<\/li>\n<li>Referncia do fabricante : PR.18783.JUNGLE<\/li>\n<\/ul>\n<ul class=\"amazon-about-product\">\n<li>Prote\u00e7\u00e3o da Lente: UV400 (contra Raios UVA \/ UVB) POLARIZADO | Material da lente: Policarbonato | Material da arma\u00e7\u00e3o: Acetato<\/li>\n<li>Itens Incluidos: 1 \u00d3culos Solar, 1 Case de Couro e 1 Flanela para limpeza.<\/li>\n<li>GARANTIA: 3 meses contra defeitos de fabrica\u00e7\u00e3o.<\/li>\n<li>Dimens\u00f5es: Frente: 14,7 cm | Largura da Lente: 5,1 cm | Altura da Lente: 5,1 cm | Ponte: 2,4 cm | Hastes: 14,8 cm<\/li>\n<\/ul>\n","protected":false},"excerpt":{"rendered":"<p>Dimenses do produto : 2,5 x 7 x 17 cm; 0,5 g Fabricante : Maya Glasses ASIN : B0CPZWZLWH Referncia do fabricante : PR.18783.JUNGLE Prote\u00e7\u00e3o da Lente: UV400 (contra Raios UVA \/ UVB) POLARIZADO | Material da lente: Policarbonato | Material da arma\u00e7\u00e3o: Acetato Itens Incluidos: 1 \u00d3culos Solar, 1 Case de Couro e 1 [&hellip;]<\/p>\n","protected":false},"featured_media":1387,"comment_status":"open","ping_status":"open","template":"","meta":[],"product_brand":[],"product_cat":[201,202],"product_tag":[223,216],"class_list":{"0":"post-1386","1":"product","2":"type-product","3":"status-publish","4":"has-post-thumbnail","6":"product_cat-acesssorios","7":"product_cat-oculos","8":"product_tag-oculos-de-sol-unissex","9":"product_tag-oculos-polarizados-unissex","11":"first","12":"instock","13":"shipping-taxable","14":"product-type-external"},"_links":{"self":[{"href":"https:\/\/www.showman.moda\/index.php?rest_route=\/wp\/v2\/product\/1386","targetHints":{"allow":["GET"]}}],"collection":[{"href":"https:\/\/www.showman.moda\/index.php?rest_route=\/wp\/v2\/product"}],"about":[{"href":"https:\/\/www.showman.moda\/index.php?rest_route=\/wp\/v2\/types\/product"}],"replies":[{"embeddable":true,"href":"https:\/\/www.showman.moda\/index.php?rest_route=%2Fwp%2Fv2%2Fcomments&post=1386"}],"wp:featuredmedia":[{"embeddable":true,"href":"https:\/\/www.showman.moda\/index.php?rest_route=\/wp\/v2\/media\/1387"}],"wp:attachment":[{"href":"https:\/\/www.showman.moda\/index.php?rest_route=%2Fwp%2Fv2%2Fmedia&parent=1386"}],"wp:term":[{"taxonomy":"product_brand","embeddable":true,"href":"https:\/\/www.showman.moda\/index.php?rest_route=%2Fwp%2Fv2%2Fproduct_brand&post=1386"},{"taxonomy":"product_cat","embeddable":true,"href":"https:\/\/www.showman.moda\/index.php?rest_route=%2Fwp%2Fv2%2Fproduct_cat&post=1386"},{"taxonomy":"product_tag","embeddable":true,"href":"https:\/\/www.showman.moda\/index.php?rest_route=%2Fwp%2Fv2%2Fproduct_tag&post=1386"}],"curies":[{"name":"wp","href":"https:\/\/api.w.org\/{rel}","templated":true}]}}