{"id":1394,"date":"2026-04-04T19:34:14","date_gmt":"2026-04-04T19:34:14","guid":{"rendered":"https:\/\/www.showman.moda\/?product=oculos-de-sol-premium-masculino-king-one-lente-cr"},"modified":"2026-04-08T12:05:47","modified_gmt":"2026-04-08T12:05:47","slug":"oculos-de-sol-premium-masculino-king-one-lente-cr","status":"publish","type":"product","link":"https:\/\/www.showman.moda\/?product=oculos-de-sol-premium-masculino-king-one-lente-cr","title":{"rendered":"\u00d3culos de Sol Premium Masculino King One, Lente CR"},"content":{"rendered":"<ul class=\"amazon-product-details\">\n<li>Dimenses da embalagem : 18,3 x 11,2 x 6,1 cm; 100 g<\/li>\n<li>ASIN : B0FZVZWRT8<\/li>\n<li>Pas de origem : Brasil<\/li>\n<li>Departamento : adulto-unissex<\/li>\n<\/ul>\n<ul class=\"amazon-about-product\">\n<li>\u2705 ESTILO MODERNO E ESPORTIVO \u2013 Design retangular com arma\u00e7\u00e3o preto fosco e hastes em madeira natural ECO, ideal para uso casual e elegante.<\/li>\n<li>\u2705 LENTES CR-39 POLARIZADAS \u2013 Reduzem reflexos e aumentam o conforto visual, com 100% de prote\u00e7\u00e3o UV400 contra raios UVA e UVB.<\/li>\n<li>\u2705 CONFORTO DURADOURO \u2013 Arma\u00e7\u00e3o em policarbonato leve com distribui\u00e7\u00e3o equilibrada do peso, ideal para uso prolongado.<\/li>\n<li>\u2705 MATERIAIS DE ALTA QUALIDADE \u2013 Estrutura em policarbonato com hastes de madeira natural, combina\u00e7\u00e3o perfeita entre resist\u00eancia e leveza.<\/li>\n<li>\u2705 KIT COMPLETO INCLUSO \u2013 Acompanha flanela para limpeza e case ecol\u00f3gico em couro ECO para transporte seguro.<\/li>\n<li>\u2705 VISUAL ATEMPORAL \u2013 \u00d3culos masculino com visual vers\u00e1til que combina com diversas ocasi\u00f5es e estilos.<\/li>\n<\/ul>\n","protected":false},"excerpt":{"rendered":"<p>Dimenses da embalagem : 18,3 x 11,2 x 6,1 cm; 100 g ASIN : B0FZVZWRT8 Pas de origem : Brasil Departamento : adulto-unissex \u2705 ESTILO MODERNO E ESPORTIVO \u2013 Design retangular com arma\u00e7\u00e3o preto fosco e hastes em madeira natural ECO, ideal para uso casual e elegante. \u2705 LENTES CR-39 POLARIZADAS \u2013 Reduzem reflexos e [&hellip;]<\/p>\n","protected":false},"featured_media":1395,"comment_status":"open","ping_status":"open","template":"","meta":[],"product_brand":[],"product_cat":[201,202],"product_tag":[207,267],"class_list":{"0":"post-1394","1":"product","2":"type-product","3":"status-publish","4":"has-post-thumbnail","6":"product_cat-acesssorios","7":"product_cat-oculos","8":"product_tag-oculos-de-sol-masculino","9":"product_tag-oculos-premium-masculino","11":"first","12":"instock","13":"shipping-taxable","14":"product-type-external"},"_links":{"self":[{"href":"https:\/\/www.showman.moda\/index.php?rest_route=\/wp\/v2\/product\/1394","targetHints":{"allow":["GET"]}}],"collection":[{"href":"https:\/\/www.showman.moda\/index.php?rest_route=\/wp\/v2\/product"}],"about":[{"href":"https:\/\/www.showman.moda\/index.php?rest_route=\/wp\/v2\/types\/product"}],"replies":[{"embeddable":true,"href":"https:\/\/www.showman.moda\/index.php?rest_route=%2Fwp%2Fv2%2Fcomments&post=1394"}],"wp:featuredmedia":[{"embeddable":true,"href":"https:\/\/www.showman.moda\/index.php?rest_route=\/wp\/v2\/media\/1395"}],"wp:attachment":[{"href":"https:\/\/www.showman.moda\/index.php?rest_route=%2Fwp%2Fv2%2Fmedia&parent=1394"}],"wp:term":[{"taxonomy":"product_brand","embeddable":true,"href":"https:\/\/www.showman.moda\/index.php?rest_route=%2Fwp%2Fv2%2Fproduct_brand&post=1394"},{"taxonomy":"product_cat","embeddable":true,"href":"https:\/\/www.showman.moda\/index.php?rest_route=%2Fwp%2Fv2%2Fproduct_cat&post=1394"},{"taxonomy":"product_tag","embeddable":true,"href":"https:\/\/www.showman.moda\/index.php?rest_route=%2Fwp%2Fv2%2Fproduct_tag&post=1394"}],"curies":[{"name":"wp","href":"https:\/\/api.w.org\/{rel}","templated":true}]}}