{"id":1396,"date":"2026-04-04T19:39:00","date_gmt":"2026-04-04T19:39:00","guid":{"rendered":"https:\/\/www.showman.moda\/?product=oculos-de-sol-polarizado-total-maragogi-protetor-uv400"},"modified":"2026-04-08T12:05:47","modified_gmt":"2026-04-08T12:05:47","slug":"oculos-de-sol-polarizado-total-maragogi-protetor-uv400","status":"publish","type":"product","link":"https:\/\/www.showman.moda\/?product=oculos-de-sol-polarizado-total-maragogi-protetor-uv400","title":{"rendered":"\u00d3culos de Sol Polarizado Total Maragogi Protetor UV400"},"content":{"rendered":"<ul class=\"amazon-product-details\">\n<li>Peso do produto : 50 g<\/li>\n<li>Fabricante : TOTAL BEACH TENNIS<\/li>\n<li>ASIN : B0D239BKV9<\/li>\n<li>Departamento : adulto-unissex<\/li>\n<\/ul>\n<ul class=\"amazon-about-product\">\n<li>LENTES COM PROTE\u00c7\u00c3O POLARIZADA: Nossas lentes polarizadas oferecem 100% de prote\u00e7\u00e3o contra os raios UV, enquanto proporcionam um conforto excepcional. Elas aumentam o contraste da imagem, eliminando o inc\u00f4modo causado pela luminosidade excessiva, para que voc\u00ea possa desfrutar do sol com total tranquilidade.<\/li>\n<li>MATERIAL DA ARMA\u00c7\u00c3O: Nossos \u00f3culos apresentam arma\u00e7\u00f5es de acetato, uma escolha que combina durabilidade e estilo. Protegidas contra corros\u00e3o, elas garantem uma vida \u00fatil mais longa e uma apar\u00eancia impec\u00e1vel mesmo ap\u00f3s o uso constante. Al\u00e9m disso, as hastes com tecnologia de molas internas proporcionam um ajuste confort\u00e1vel, adaptando-se perfeitamente ao formato do seu rosto.<\/li>\n<li>RESIST\u00caNCIA SUPERIOR: Os nossos \u00f3culos s\u00e3o projetados para resistir aos rigores do dia a dia. Protegidos contra descascamentos provocados por suor e \u00e1gua, eles mant\u00eam a sua apar\u00eancia original por mais tempo, garantindo uma experi\u00eancia de uso duradoura e sem preocupa\u00e7\u00f5es. N\u00e3o comprometa a sa\u00fade dos seus olhos. Invista em prote\u00e7\u00e3o de qualidade e estilo inigual\u00e1vel com os nossos \u00f3culos de sol. Aproveite agora mesmo e adquira o seu!<\/li>\n<li>ESPORTES: Produto ideal para a pr\u00e1tica de esportes de areia com Beach Tennis, V\u00f4lei, Futev\u00f4lei e outros como Ciclismo, Corrida.<\/li>\n<li>CONTE\u00daDO DA EMBALAGEM: 01 \u00d3culos de sol Total Beach Tennis 01 Case Flanelado 01 Estojo<\/li>\n<\/ul>\n","protected":false},"excerpt":{"rendered":"<p>Peso do produto : 50 g Fabricante : TOTAL BEACH TENNIS ASIN : B0D239BKV9 Departamento : adulto-unissex LENTES COM PROTE\u00c7\u00c3O POLARIZADA: Nossas lentes polarizadas oferecem 100% de prote\u00e7\u00e3o contra os raios UV, enquanto proporcionam um conforto excepcional. Elas aumentam o contraste da imagem, eliminando o inc\u00f4modo causado pela luminosidade excessiva, para que voc\u00ea possa desfrutar [&hellip;]<\/p>\n","protected":false},"featured_media":1397,"comment_status":"open","ping_status":"open","template":"","meta":[],"product_brand":[],"product_cat":[201,202],"product_tag":[268,205],"class_list":{"0":"post-1396","1":"product","2":"type-product","3":"status-publish","4":"has-post-thumbnail","6":"product_cat-acesssorios","7":"product_cat-oculos","8":"product_tag-oculos-de-sol-polarizado","9":"product_tag-protecao-uv400","11":"first","12":"instock","13":"shipping-taxable","14":"product-type-external"},"_links":{"self":[{"href":"https:\/\/www.showman.moda\/index.php?rest_route=\/wp\/v2\/product\/1396","targetHints":{"allow":["GET"]}}],"collection":[{"href":"https:\/\/www.showman.moda\/index.php?rest_route=\/wp\/v2\/product"}],"about":[{"href":"https:\/\/www.showman.moda\/index.php?rest_route=\/wp\/v2\/types\/product"}],"replies":[{"embeddable":true,"href":"https:\/\/www.showman.moda\/index.php?rest_route=%2Fwp%2Fv2%2Fcomments&post=1396"}],"wp:featuredmedia":[{"embeddable":true,"href":"https:\/\/www.showman.moda\/index.php?rest_route=\/wp\/v2\/media\/1397"}],"wp:attachment":[{"href":"https:\/\/www.showman.moda\/index.php?rest_route=%2Fwp%2Fv2%2Fmedia&parent=1396"}],"wp:term":[{"taxonomy":"product_brand","embeddable":true,"href":"https:\/\/www.showman.moda\/index.php?rest_route=%2Fwp%2Fv2%2Fproduct_brand&post=1396"},{"taxonomy":"product_cat","embeddable":true,"href":"https:\/\/www.showman.moda\/index.php?rest_route=%2Fwp%2Fv2%2Fproduct_cat&post=1396"},{"taxonomy":"product_tag","embeddable":true,"href":"https:\/\/www.showman.moda\/index.php?rest_route=%2Fwp%2Fv2%2Fproduct_tag&post=1396"}],"curies":[{"name":"wp","href":"https:\/\/api.w.org\/{rel}","templated":true}]}}