{"id":1398,"date":"2026-04-04T19:42:20","date_gmt":"2026-04-04T19:42:20","guid":{"rendered":"https:\/\/www.showman.moda\/?product=oculos-de-sol-ax4112su-universal-fit-armani-exchange-masculino"},"modified":"2026-04-08T12:05:48","modified_gmt":"2026-04-08T12:05:48","slug":"oculos-de-sol-ax4112su-universal-fit-armani-exchange-masculino","status":"publish","type":"product","link":"https:\/\/www.showman.moda\/?product=oculos-de-sol-ax4112su-universal-fit-armani-exchange-masculino","title":{"rendered":"\u00d3culos de Sol Ax4112su Universal Fit Armani Exchange Masculino"},"content":{"rendered":"<div class=\"amazon-product-description\">Os culos de sol AX Armani Exchange interpretam o estilo Armani refinado com um toque moderno e moderno. De visuais clssicos do dia a dia a estilos divertidos ousados, compre nossa gama de armaes Armani Exchange para mulheres e homens e descubra como a elegncia Armani se transforma em uma atitude casual, jovem e urbana. No perca nossos campees de vendas e novidades que trazem a voc todas as ltimas tendncias da moda a preos acessveis. AX Armani Exchange interpreta o estilo refinado e nico do mundo Armani com uma sensibilidade moderna, para um consumidor jovem, urbano e casual, procurando a elegncia Armani mas com um destaque pop a um preo acessvel<\/div>\n<ul class=\"amazon-product-details\">\n<li>Fabricante : A|X ARMANI EXCHANGE<\/li>\n<li>ASIN : B0CX4WNXTN<\/li>\n<li>Nmero do modelo : AX4112SU<\/li>\n<li>Departamento : masculino<\/li>\n<\/ul>\n<ul class=\"amazon-about-product\">\n<li>\u00d3culos de sol Armani Exchange com design ousado e urbano, capturando a tradi\u00e7\u00e3o Armani com sensibilidade contempor\u00e2nea<\/li>\n<li>Dimens\u00f5es: largura de 55mm, ponte de 19mm e haste de 145mm, proporcionando ajuste confort\u00e1vel<\/li>\n<li>Modelo 4112SU 818180, oferecendo prote\u00e7\u00e3o solar com estilo e qualidade da marca Armani Exchange<\/li>\n<\/ul>\n<p>Os \u00f3culos de sol AX Armani Exchange interpretam o estilo Armani refinado com um toque moderno. Dos visuais cl\u00e1ssicos do dia a dia a estilos divertidos e ousados, compre nossa gama de arma\u00e7\u00f5es Armani Exchange para mulheres e homens e descubra como a eleg\u00e2ncia Armani se transforma em uma atitude casual, jovem e urbana.<\/p>\n<p>N\u00e3o perca nossos destaques de vendas e novidades, que trazem as \u00faltimas tend\u00eancias da moda a pre\u00e7os acess\u00edveis. A AX Armani Exchange interpreta o estilo refinado e \u00fanico do mundo Armani com uma sensibilidade moderna, para um consumidor jovem, urbano e casual, procurando a eleg\u00e2ncia Armani com um destaque pop a um pre\u00e7o acess\u00edvel.<\/p>\n","protected":false},"excerpt":{"rendered":"<p>Os culos de sol AX Armani Exchange interpretam o estilo Armani refinado com um toque moderno e moderno. De visuais clssicos do dia a dia a estilos divertidos ousados, compre nossa gama de armaes Armani Exchange para mulheres e homens..<\/p>\n","protected":false},"featured_media":1399,"comment_status":"open","ping_status":"open","template":"","meta":[],"product_brand":[],"product_cat":[201,202],"product_tag":[269,204],"class_list":{"0":"post-1398","1":"product","2":"type-product","3":"status-publish","4":"has-post-thumbnail","6":"product_cat-acesssorios","7":"product_cat-oculos","8":"product_tag-armani-exchange-masculino","9":"product_tag-oculos-de-sol","11":"first","12":"instock","13":"shipping-taxable","14":"product-type-external"},"_links":{"self":[{"href":"https:\/\/www.showman.moda\/index.php?rest_route=\/wp\/v2\/product\/1398","targetHints":{"allow":["GET"]}}],"collection":[{"href":"https:\/\/www.showman.moda\/index.php?rest_route=\/wp\/v2\/product"}],"about":[{"href":"https:\/\/www.showman.moda\/index.php?rest_route=\/wp\/v2\/types\/product"}],"replies":[{"embeddable":true,"href":"https:\/\/www.showman.moda\/index.php?rest_route=%2Fwp%2Fv2%2Fcomments&post=1398"}],"wp:featuredmedia":[{"embeddable":true,"href":"https:\/\/www.showman.moda\/index.php?rest_route=\/wp\/v2\/media\/1399"}],"wp:attachment":[{"href":"https:\/\/www.showman.moda\/index.php?rest_route=%2Fwp%2Fv2%2Fmedia&parent=1398"}],"wp:term":[{"taxonomy":"product_brand","embeddable":true,"href":"https:\/\/www.showman.moda\/index.php?rest_route=%2Fwp%2Fv2%2Fproduct_brand&post=1398"},{"taxonomy":"product_cat","embeddable":true,"href":"https:\/\/www.showman.moda\/index.php?rest_route=%2Fwp%2Fv2%2Fproduct_cat&post=1398"},{"taxonomy":"product_tag","embeddable":true,"href":"https:\/\/www.showman.moda\/index.php?rest_route=%2Fwp%2Fv2%2Fproduct_tag&post=1398"}],"curies":[{"name":"wp","href":"https:\/\/api.w.org\/{rel}","templated":true}]}}