{"id":1400,"date":"2026-04-04T19:48:23","date_gmt":"2026-04-04T19:48:23","guid":{"rendered":"https:\/\/www.showman.moda\/?product=oculos-esportivo-proteo-uv-400-kaus-preto-alma-genius"},"modified":"2026-04-08T12:05:48","modified_gmt":"2026-04-08T12:05:48","slug":"oculos-esportivo-proteo-uv-400-kaus-preto-alma-genius","status":"publish","type":"product","link":"https:\/\/www.showman.moda\/?product=oculos-esportivo-proteo-uv-400-kaus-preto-alma-genius","title":{"rendered":"\u00d3culos Esportivo Proteo UV 400 Kaus Preto Alma Genius"},"content":{"rendered":"<div class=\"amazon-product-description\">culos de Sol Alma Genius tem Lente Polarizada com Proteo Uv400.Lentes polarizadas oferecem percepo de cor verdadeira por causa do revestimento de cor neutra e viso clara, eliminando a luz refletida e espalhada. Podemos desfrutar e admirar o mundo em todos os seus belos detalhes. Proteo UV, bloqueia os raios UVA e UVB prejudiciais. Os culos de sol polarizados reduzem o brilho refletido. Os culos Alma Genius foram projetados adequadamente para o seu conforto.<\/div>\n<ul class=\"amazon-product-details\">\n<li>Dimenses do produto : 8,5 x 17 x 6,3 cm; 80 g<\/li>\n<li>Fabricante : Alma Genius<\/li>\n<li>ASIN : B0BXMPZRL5<\/li>\n<li>Nmero do modelo : AL7035<\/li>\n<li>Departamento : adulto-unissex<\/li>\n<\/ul>\n<ul class=\"amazon-about-product\">\n<li>Lentes com Prote\u00e7\u00e3o UV400 Bloqueia raios UVA e UVB prejudiciais Lentes e estrutura em policarbonato de alta densidade Hastes emborrachadas para maior conforto Leve, flex\u00edvel e resistente a impactos Prote\u00e7\u00e3o contra sol, vento, poeira e chuva Ideal para esportes e atividades ao ar livre Acompanha estojo resistente e pano de microfibra<\/li>\n<\/ul>\n<p>Os \u00d3culos de Sol Alma Genius t\u00eam Lente Polarizada com Prote\u00e7\u00e3o UV400. As lentes polarizadas oferecem percep\u00e7\u00e3o de cor verdadeira, gra\u00e7as ao revestimento de cor neutra e \u00e0 vis\u00e3o mais clara, eliminando a luz refletida e espalhada. Assim, \u00e9 poss\u00edvel desfrutar e admirar o mundo em todos os seus detalhes. A Prote\u00e7\u00e3o UV bloqueia os raios UVA e UVB prejudiciais.<\/p>\n<p>Os \u00f3culos de sol polarizados reduzem o brilho refletido. Os \u00f3culos Alma Genius foram projetados para o seu conforto.<\/p>\n","protected":false},"excerpt":{"rendered":"<p>culos de Sol Alma Genius tem Lente Polarizada com Proteo Uv400.Lentes polarizadas oferecem percepo de cor verdadeira por causa do revestimento de cor neutra e viso clara, eliminando a luz refletida e espalhada. Podemos desfrutar e admirar o mundo em..<\/p>\n","protected":false},"featured_media":1401,"comment_status":"open","ping_status":"open","template":"","meta":[],"product_brand":[],"product_cat":[201,202],"product_tag":[270,271],"class_list":{"0":"post-1400","1":"product","2":"type-product","3":"status-publish","4":"has-post-thumbnail","6":"product_cat-acesssorios","7":"product_cat-oculos","8":"product_tag-oculos-esportivo","9":"product_tag-protecao-uv-400","11":"first","12":"instock","13":"shipping-taxable","14":"product-type-external"},"_links":{"self":[{"href":"https:\/\/www.showman.moda\/index.php?rest_route=\/wp\/v2\/product\/1400","targetHints":{"allow":["GET"]}}],"collection":[{"href":"https:\/\/www.showman.moda\/index.php?rest_route=\/wp\/v2\/product"}],"about":[{"href":"https:\/\/www.showman.moda\/index.php?rest_route=\/wp\/v2\/types\/product"}],"replies":[{"embeddable":true,"href":"https:\/\/www.showman.moda\/index.php?rest_route=%2Fwp%2Fv2%2Fcomments&post=1400"}],"wp:featuredmedia":[{"embeddable":true,"href":"https:\/\/www.showman.moda\/index.php?rest_route=\/wp\/v2\/media\/1401"}],"wp:attachment":[{"href":"https:\/\/www.showman.moda\/index.php?rest_route=%2Fwp%2Fv2%2Fmedia&parent=1400"}],"wp:term":[{"taxonomy":"product_brand","embeddable":true,"href":"https:\/\/www.showman.moda\/index.php?rest_route=%2Fwp%2Fv2%2Fproduct_brand&post=1400"},{"taxonomy":"product_cat","embeddable":true,"href":"https:\/\/www.showman.moda\/index.php?rest_route=%2Fwp%2Fv2%2Fproduct_cat&post=1400"},{"taxonomy":"product_tag","embeddable":true,"href":"https:\/\/www.showman.moda\/index.php?rest_route=%2Fwp%2Fv2%2Fproduct_tag&post=1400"}],"curies":[{"name":"wp","href":"https:\/\/api.w.org\/{rel}","templated":true}]}}