{"id":1410,"date":"2026-04-04T20:37:59","date_gmt":"2026-04-04T20:37:59","guid":{"rendered":"https:\/\/www.showman.moda\/?product=oculos-de-sol-retangulares-ray"},"modified":"2026-04-08T12:05:52","modified_gmt":"2026-04-08T12:05:52","slug":"oculos-de-sol-retangulares-ray","status":"publish","type":"product","link":"https:\/\/www.showman.moda\/?product=oculos-de-sol-retangulares-ray","title":{"rendered":"\u00d3culos de sol retangulares Ray"},"content":{"rendered":"<div class=\"amazon-product-description\">Ao longo de sua jornada de mais de 80 anos, a Ray-Ban ultrapassou os limites da msica, arte e entretenimento como um smbolo universalmente reconhecido de legal e o acessrio preferido de celebridades e figuras pblicas. A marca teve uma influncia duradoura na cultura, decorrente de sua forte herana, estilos atemporais e excelncia em qualidade. Cada par de culos de sol Ray-Ban vem com um pano de limpeza e estojo para limpar, proteger e armazenar seus culos. Os produtos Ray-Ban vendidos por vendedores autorizados, como a Amazon.com, so elegveis para todas as garantias e garantias do fabricante. Visite a loja Ray-Ban clicando em Ray-Ban acima do ttulo do produto para comprar toda a gama de culos de sol e pticos.<\/div>\n<ul class=\"amazon-product-details\">\n<li>Fabricante : Ray-Ban<\/li>\n<li>ASIN : B0CGGC43JH<\/li>\n<li>Nmero do modelo : 0RB4335<\/li>\n<li>Departamento : adulto-unissex<\/li>\n<\/ul>\n<ul class=\"amazon-about-product\">\n<li>Prote\u00e7\u00e3o UV<\/li>\n<\/ul>\n<p>Ao longo de sua jornada de mais de 80 anos, a Ray-Ban ultrapassou os limites da m\u00fasica, arte e entretenimento como um s\u00edmbolo universalmente reconhecido de estilo e o acess\u00f3rio preferido de celebridades e figuras p\u00fablicas. A marca teve uma influ\u00eancia duradoura na cultura, decorrente de sua forte heran\u00e7a, estilos atemporais e excel\u00eancia em qualidade.<\/p>\n<p>Cada par de \u00f3culos de sol Ray-Ban vem com um pano de limpeza e estojo para limpar, proteger e armazenar seus \u00f3culos. Os produtos Ray-Ban vendidos por vendedores autorizados, como a Amazon.com, s\u00e3o eleg\u00edveis para todas as garantias e garantias do fabricante.<\/p>\n<p>Visite a loja Ray-Ban clicando em Ray-Ban acima do t\u00edtulo do produto para comprar toda a gama de \u00f3culos de sol e \u00f3culos \u00f3pticos.<\/p>\n","protected":false},"excerpt":{"rendered":"<p>Ao longo de sua jornada de mais de 80 anos, a Ray-Ban ultrapassou os limites da msica, arte e entretenimento como um smbolo universalmente reconhecido de legal e o acessrio preferido de celebridades e figuras pblicas. A marca teve uma..<\/p>\n","protected":false},"featured_media":1411,"comment_status":"open","ping_status":"open","template":"","meta":[],"product_brand":[],"product_cat":[201,202],"product_tag":[204,276],"class_list":{"0":"post-1410","1":"product","2":"type-product","3":"status-publish","4":"has-post-thumbnail","6":"product_cat-acesssorios","7":"product_cat-oculos","8":"product_tag-oculos-de-sol","9":"product_tag-oculos-retangulares","11":"first","12":"instock","13":"shipping-taxable","14":"product-type-external"},"_links":{"self":[{"href":"https:\/\/www.showman.moda\/index.php?rest_route=\/wp\/v2\/product\/1410","targetHints":{"allow":["GET"]}}],"collection":[{"href":"https:\/\/www.showman.moda\/index.php?rest_route=\/wp\/v2\/product"}],"about":[{"href":"https:\/\/www.showman.moda\/index.php?rest_route=\/wp\/v2\/types\/product"}],"replies":[{"embeddable":true,"href":"https:\/\/www.showman.moda\/index.php?rest_route=%2Fwp%2Fv2%2Fcomments&post=1410"}],"wp:featuredmedia":[{"embeddable":true,"href":"https:\/\/www.showman.moda\/index.php?rest_route=\/wp\/v2\/media\/1411"}],"wp:attachment":[{"href":"https:\/\/www.showman.moda\/index.php?rest_route=%2Fwp%2Fv2%2Fmedia&parent=1410"}],"wp:term":[{"taxonomy":"product_brand","embeddable":true,"href":"https:\/\/www.showman.moda\/index.php?rest_route=%2Fwp%2Fv2%2Fproduct_brand&post=1410"},{"taxonomy":"product_cat","embeddable":true,"href":"https:\/\/www.showman.moda\/index.php?rest_route=%2Fwp%2Fv2%2Fproduct_cat&post=1410"},{"taxonomy":"product_tag","embeddable":true,"href":"https:\/\/www.showman.moda\/index.php?rest_route=%2Fwp%2Fv2%2Fproduct_tag&post=1410"}],"curies":[{"name":"wp","href":"https:\/\/api.w.org\/{rel}","templated":true}]}}