{"id":1412,"date":"2026-04-04T20:46:24","date_gmt":"2026-04-04T20:46:24","guid":{"rendered":"https:\/\/www.showman.moda\/?product=oculos-de-sol-carrera-279-s-003"},"modified":"2026-04-08T12:05:53","modified_gmt":"2026-04-08T12:05:53","slug":"oculos-de-sol-carrera-279-s-003","status":"publish","type":"product","link":"https:\/\/www.showman.moda\/?product=oculos-de-sol-carrera-279-s-003","title":{"rendered":"\u00d3culos de Sol Carrera 279\/S 003"},"content":{"rendered":"<div class=\"amazon-product-description\">Os culos Carrera so sinnimo de design pioneiro e qualidade excepcional.Carrera a marca referncia desde 1956 para pessoas que vivem de acordo a suas prprias regras, que se desafiam continuamente e orgulhosamente se destacam na multido. Classe: culos de Sol \/ Proteo UV100Marca: CarreraModelo: 279\/S 003 56UCConceito: SignatureGnero: MasculinoFormato: RetangularFitting: Global FittingMateriais: Poliamida InjetadaCores: Preto \/ PretoTipo de Lente: Verde &#8211; PolarizadoTamanho da Lente: 56 mmTamanho da Ponte: 17 mmTamanho da Haste: 145 mmAltura da Lente: 47 mmBase da Lente: Base 4 EsfricaGarantia: 12 meses pelo fabricante<\/div>\n<ul class=\"amazon-product-details\">\n<li>Pilha(s) ou bateria(s): : 1 Especfica do produto (necessita de baterias)<\/li>\n<li>Dimenses do produto : 1,6 x 0,6 x 0,6 cm; 100 g<\/li>\n<li>Fabricante : Carrera<\/li>\n<li>ASIN : B09V52YMYJ<\/li>\n<li>Nmero do modelo : 204893<\/li>\n<\/ul>\n<p>Os \u00f3culos Carrera s\u00e3o sin\u00f4nimo de design pioneiro e qualidade excepcional. A Carrera \u00e9 a marca refer\u00eancia desde 1956 para pessoas que vivem de acordo com suas pr\u00f3prias regras, se desafiam continuamente e orgulhosamente se destacam na multid\u00e3o.<\/p>\n<p><strong>Classe:<\/strong> \u00d3culos de Sol \/ Prote\u00e7\u00e3o UV100<br \/>\n<strong>Marca:<\/strong> Carrera<br \/>\n<strong>Modelo:<\/strong> 279\/S 003 56UC<br \/>\n<strong>Conceito:<\/strong> Signature<br \/>\n<strong>G\u00eanero:<\/strong> Masculino<br \/>\n<strong>Formato:<\/strong> Retangular<br \/>\n<strong>Fitting:<\/strong> Global Fitting<br \/>\n<strong>Materiais:<\/strong> Poliamida Injetada<\/p>\n<p><strong>Cores:<\/strong> Preto \/ Preto<br \/>\n<strong>Tipo de Lente:<\/strong> Verde \u2014 Polarizado<br \/>\n<strong>Tamanho da Lente:<\/strong> 56 mm<br \/>\n<strong>Tamanho da Ponte:<\/strong> 17 mm<br \/>\n<strong>Tamanho da Haste:<\/strong> 145 mm<br \/>\n<strong>Altura da Lente:<\/strong> 47 mm<br \/>\n<strong>Base da Lente:<\/strong> Base 4 Esf\u00e9rica<\/p>\n<p><strong>Garantia:<\/strong> 12 meses pelo fabricante<\/p>\n","protected":false},"excerpt":{"rendered":"<p>Os culos Carrera so sinnimo de design pioneiro e qualidade excepcional.Carrera a marca referncia desde 1956 para pessoas que vivem de acordo a suas prprias regras, que se desafiam continuamente e orgulhosamente se destacam na multido. Classe: culos de Sol..<\/p>\n","protected":false},"featured_media":1413,"comment_status":"open","ping_status":"open","template":"","meta":[],"product_brand":[],"product_cat":[201,202],"product_tag":[277,204],"class_list":{"0":"post-1412","1":"product","2":"type-product","3":"status-publish","4":"has-post-thumbnail","6":"product_cat-acesssorios","7":"product_cat-oculos","8":"product_tag-carrera-279-s-003","9":"product_tag-oculos-de-sol","11":"first","12":"instock","13":"shipping-taxable","14":"product-type-external"},"_links":{"self":[{"href":"https:\/\/www.showman.moda\/index.php?rest_route=\/wp\/v2\/product\/1412","targetHints":{"allow":["GET"]}}],"collection":[{"href":"https:\/\/www.showman.moda\/index.php?rest_route=\/wp\/v2\/product"}],"about":[{"href":"https:\/\/www.showman.moda\/index.php?rest_route=\/wp\/v2\/types\/product"}],"replies":[{"embeddable":true,"href":"https:\/\/www.showman.moda\/index.php?rest_route=%2Fwp%2Fv2%2Fcomments&post=1412"}],"wp:featuredmedia":[{"embeddable":true,"href":"https:\/\/www.showman.moda\/index.php?rest_route=\/wp\/v2\/media\/1413"}],"wp:attachment":[{"href":"https:\/\/www.showman.moda\/index.php?rest_route=%2Fwp%2Fv2%2Fmedia&parent=1412"}],"wp:term":[{"taxonomy":"product_brand","embeddable":true,"href":"https:\/\/www.showman.moda\/index.php?rest_route=%2Fwp%2Fv2%2Fproduct_brand&post=1412"},{"taxonomy":"product_cat","embeddable":true,"href":"https:\/\/www.showman.moda\/index.php?rest_route=%2Fwp%2Fv2%2Fproduct_cat&post=1412"},{"taxonomy":"product_tag","embeddable":true,"href":"https:\/\/www.showman.moda\/index.php?rest_route=%2Fwp%2Fv2%2Fproduct_tag&post=1412"}],"curies":[{"name":"wp","href":"https:\/\/api.w.org\/{rel}","templated":true}]}}