{"id":1420,"date":"2026-04-04T21:07:59","date_gmt":"2026-04-04T21:07:59","guid":{"rendered":"https:\/\/www.showman.moda\/?product=carrera-oculos-de-sol-carrera-27-xav-9o-62"},"modified":"2026-04-08T12:05:55","modified_gmt":"2026-04-08T12:05:55","slug":"carrera-oculos-de-sol-carrera-27-xav-9o-62","status":"publish","type":"product","link":"https:\/\/www.showman.moda\/?product=carrera-oculos-de-sol-carrera-27-xav-9o-62","title":{"rendered":"Carrera \u00d3culos de Sol (CARRERA 27 XAV\/9O 62)"},"content":{"rendered":"<div class=\"amazon-product-description\">Carrera CARRERA 27 XAV9O (preto &#8211; vermelho com lentes gradientes pretas). Tamanhos: lente: 62 mm, ponte: 10 mm, braos: 130 mm<\/div>\n<ul class=\"amazon-product-details\">\n<li>Descontinuado pelo fabricante : No<\/li>\n<li>Dimenses da embalagem : 16,89 x 11,61 x 5,89 cm; 35 g<\/li>\n<li>ASIN : B005VR608I<\/li>\n<li>Nmero do modelo : 27<\/li>\n<li>Departamento : masculino<\/li>\n<\/ul>\n<ul class=\"amazon-about-product\">\n<li>Estilo masculino<\/li>\n<li>Material da arma\u00e7\u00e3o: Pl\u00e1stico<\/li>\n<li>Refer\u00eancia do fabricante: CARRERA27 XAV9O<\/li>\n<li>Cor da arma\u00e7\u00e3o principal: Preto, cor secund\u00e1ria: Vermelho<\/li>\n<li>Lente preta gradiente<\/li>\n<\/ul>\n<p>Carrera 27 XAV9O (preto &#8211; vermelho com lentes gradientes pretas). Tamanhos: lente 62 mm, ponte 10 mm, bra\u00e7os 130 mm.<\/p>\n","protected":false},"excerpt":{"rendered":"<p>Carrera CARRERA 27 XAV9O (preto &#8211; vermelho com lentes gradientes pretas). Tamanhos: lente: 62 mm, ponte: 10 mm, braos: 130 mm<\/p>\n","protected":false},"featured_media":1421,"comment_status":"open","ping_status":"open","template":"","meta":[],"product_brand":[],"product_cat":[201,202],"product_tag":[280,281],"class_list":{"0":"post-1420","1":"product","2":"type-product","3":"status-publish","4":"has-post-thumbnail","6":"product_cat-acesssorios","7":"product_cat-oculos","8":"product_tag-oculos-carrera","9":"product_tag-oculos-de-sol-de-grife","11":"first","12":"instock","13":"shipping-taxable","14":"product-type-external"},"_links":{"self":[{"href":"https:\/\/www.showman.moda\/index.php?rest_route=\/wp\/v2\/product\/1420","targetHints":{"allow":["GET"]}}],"collection":[{"href":"https:\/\/www.showman.moda\/index.php?rest_route=\/wp\/v2\/product"}],"about":[{"href":"https:\/\/www.showman.moda\/index.php?rest_route=\/wp\/v2\/types\/product"}],"replies":[{"embeddable":true,"href":"https:\/\/www.showman.moda\/index.php?rest_route=%2Fwp%2Fv2%2Fcomments&post=1420"}],"wp:featuredmedia":[{"embeddable":true,"href":"https:\/\/www.showman.moda\/index.php?rest_route=\/wp\/v2\/media\/1421"}],"wp:attachment":[{"href":"https:\/\/www.showman.moda\/index.php?rest_route=%2Fwp%2Fv2%2Fmedia&parent=1420"}],"wp:term":[{"taxonomy":"product_brand","embeddable":true,"href":"https:\/\/www.showman.moda\/index.php?rest_route=%2Fwp%2Fv2%2Fproduct_brand&post=1420"},{"taxonomy":"product_cat","embeddable":true,"href":"https:\/\/www.showman.moda\/index.php?rest_route=%2Fwp%2Fv2%2Fproduct_cat&post=1420"},{"taxonomy":"product_tag","embeddable":true,"href":"https:\/\/www.showman.moda\/index.php?rest_route=%2Fwp%2Fv2%2Fproduct_tag&post=1420"}],"curies":[{"name":"wp","href":"https:\/\/api.w.org\/{rel}","templated":true}]}}