{"id":1422,"date":"2026-04-04T21:13:11","date_gmt":"2026-04-04T21:13:11","guid":{"rendered":"https:\/\/www.showman.moda\/?product=under-armour-oculos-de-sol-masculinos-quadrados-ua-recon"},"modified":"2026-04-08T12:05:56","modified_gmt":"2026-04-08T12:05:56","slug":"under-armour-oculos-de-sol-masculinos-quadrados-ua-recon","status":"publish","type":"product","link":"https:\/\/www.showman.moda\/?product=under-armour-oculos-de-sol-masculinos-quadrados-ua-recon","title":{"rendered":"Under Armour \u00f3culos de sol masculinos quadrados UA Recon"},"content":{"rendered":"<div class=\"amazon-product-description\">culos feitos pela Under Armour significam que voc est adquirindo peas de alta qualidade. Esta moldura quadrada voltada para o consumidor masculino. Esta armao feita de plstico e a lente de plstico de alta qualidade. Para garantir o ajuste perfeito, o tamanho desses culos : 64 mm, 15 mm, 125 mm para o tamanho da lente, ponte e haste<\/div>\n<ul class=\"amazon-product-details\">\n<li>Fabricante : Under Armour<\/li>\n<li>ASIN : B0D8WKN429<\/li>\n<li>Nmero do modelo : UA Recon<\/li>\n<li>Departamento : masculino<\/li>\n<\/ul>\n<ul class=\"amazon-about-product\">\n<li>Under Armour A vis\u00e3o da \u00e9 inspirar voc\u00ea com solu\u00e7\u00f5es de desempenho que voc\u00ea nunca soube que precisava e n\u00e3o pode imaginar viver sem.<\/li>\n<li>Marca registrada e logotipo gravado a laser na lente. Logotipo eletroforme na lateral da haste direita e esquerda marca Under Armour na parte superior da moldura e nas pe\u00e7as finais<\/li>\n<li>Esta arma\u00e7\u00e3o n\u00e3o pode ser equipada com lentes de grau<\/li>\n<li>Capa de marca inclu\u00edda, clique no logotipo para ver a loja da marca e procurar mais estilos.<\/li>\n<\/ul>\n<p>Os \u00f3culos feitos pela Under Armour significam que voc\u00ea est\u00e1 adquirindo pe\u00e7as de alta qualidade. Esta arma\u00e7\u00e3o quadrada \u00e9 voltada para o consumidor masculino. \u00c9 feita de pl\u00e1stico e a lente tamb\u00e9m \u00e9 de pl\u00e1stico de alta qualidade. Para garantir o ajuste perfeito, o tamanho desses \u00f3culos \u00e9: 64 mm (lente), 15 mm (ponte) e 125 mm (haste).<\/p>\n","protected":false},"excerpt":{"rendered":"<p>culos feitos pela Under Armour significam que voc est adquirindo peas de alta qualidade. Esta moldura quadrada voltada para o consumidor masculino. Esta armao feita de plstico e a lente de plstico de alta qualidade. Para garantir o ajuste perfeito,..<\/p>\n","protected":false},"featured_media":1423,"comment_status":"open","ping_status":"open","template":"","meta":[],"product_brand":[],"product_cat":[201,202],"product_tag":[282,283],"class_list":{"0":"post-1422","1":"product","2":"type-product","3":"status-publish","4":"has-post-thumbnail","6":"product_cat-acesssorios","7":"product_cat-oculos","8":"product_tag-oculos-de-sol-quadrados","9":"product_tag-oculos-de-sol-under-armour","11":"first","12":"instock","13":"shipping-taxable","14":"product-type-external"},"_links":{"self":[{"href":"https:\/\/www.showman.moda\/index.php?rest_route=\/wp\/v2\/product\/1422","targetHints":{"allow":["GET"]}}],"collection":[{"href":"https:\/\/www.showman.moda\/index.php?rest_route=\/wp\/v2\/product"}],"about":[{"href":"https:\/\/www.showman.moda\/index.php?rest_route=\/wp\/v2\/types\/product"}],"replies":[{"embeddable":true,"href":"https:\/\/www.showman.moda\/index.php?rest_route=%2Fwp%2Fv2%2Fcomments&post=1422"}],"wp:featuredmedia":[{"embeddable":true,"href":"https:\/\/www.showman.moda\/index.php?rest_route=\/wp\/v2\/media\/1423"}],"wp:attachment":[{"href":"https:\/\/www.showman.moda\/index.php?rest_route=%2Fwp%2Fv2%2Fmedia&parent=1422"}],"wp:term":[{"taxonomy":"product_brand","embeddable":true,"href":"https:\/\/www.showman.moda\/index.php?rest_route=%2Fwp%2Fv2%2Fproduct_brand&post=1422"},{"taxonomy":"product_cat","embeddable":true,"href":"https:\/\/www.showman.moda\/index.php?rest_route=%2Fwp%2Fv2%2Fproduct_cat&post=1422"},{"taxonomy":"product_tag","embeddable":true,"href":"https:\/\/www.showman.moda\/index.php?rest_route=%2Fwp%2Fv2%2Fproduct_tag&post=1422"}],"curies":[{"name":"wp","href":"https:\/\/api.w.org\/{rel}","templated":true}]}}