{"id":1424,"date":"2026-04-04T21:23:27","date_gmt":"2026-04-04T21:23:27","guid":{"rendered":"https:\/\/www.showman.moda\/?product=emporio-armani-oculos-de-sol-masculinos-retangulares-ea1041"},"modified":"2026-04-08T12:05:56","modified_gmt":"2026-04-08T12:05:56","slug":"emporio-armani-oculos-de-sol-masculinos-retangulares-ea1041","status":"publish","type":"product","link":"https:\/\/www.showman.moda\/?product=emporio-armani-oculos-de-sol-masculinos-retangulares-ea1041","title":{"rendered":"Emporio Armani \u00f3culos de sol masculinos retangulares EA1041"},"content":{"rendered":"<div class=\"amazon-product-description\">Emporio Armani Combina sem esforo estilo e conforto nestes culos EA1041 para homens. As molduras retangulares de acetato e metal apresentam dobradias de mola flexveis e mantm seu equilbrio inicial, para um ajuste seguro. As armaes de culos Emporio Armani apresentam lentes que precisam ser substitudas por lentes de grau para que voc possa desfrutar de uma viso clara. As armaes de culos Emporio Armani vendidas por vendedores autorizados, como a Amazon.com, so elegveis para todas as garantias e garantias do fabricante. Visite a loja Emporio Armani clicando no link da marca acima para comprar toda a variedade de culos de sol e culos Emporio Armani .<\/div>\n<ul class=\"amazon-product-details\">\n<li>Fabricante : Emporio Armani<\/li>\n<li>ASIN : B0BY494WCC<\/li>\n<li>Nmero do modelo : EA1041<\/li>\n<li>Departamento : Masculino<\/li>\n<\/ul>\n<ul class=\"amazon-about-product\">\n<li>Modelo: EA1041<\/li>\n<li>Estilo: Moldura de meia borda\/cor da t\u00eampora: borracha preta\/prata escovada &#8211; 3094<\/li>\n<li>G\u00caNERO: Homem FORMA: Ret\u00e2ngulo FRONTAL MATERIAL: Metal TEMPLE: Outro DESIGN DE PONTE: GEOFIT: Global BASE: Base 4 RX-ABLE<\/li>\n<li>Tamanho: Lente-55 Ponte-17 B-Altura Vertical 32,6 ED-Di\u00e2metro Eficaz &#8211; 59,1 Templo &#8211; 140 mm<\/li>\n<li>Feito em: Importado<\/li>\n<\/ul>\n<p>Emporio Armani combina estilo e conforto nestes \u00f3culos EA1041 para homens. As arma\u00e7\u00f5es retangulares de acetato e metal t\u00eam dobradi\u00e7as de mola flex\u00edveis que mant\u00eam o equil\u00edbrio para um ajuste seguro. As arma\u00e7\u00f5es de \u00f3culos Emporio Armani s\u00e3o feitas para receber lentes de grau, que precisam ser substitu\u00eddas para que voc\u00ea tenha uma vis\u00e3o clara. As arma\u00e7\u00f5es vendidas por vendedores autorizados, como a Amazon.com, s\u00e3o eleg\u00edveis para todas as garantias do fabricante. Visite a loja Emporio Armani clicando no link da marca acima para comprar toda a variedade de \u00f3culos de sol e \u00f3culos Emporio Armani.<\/p>\n","protected":false},"excerpt":{"rendered":"<p>Emporio Armani Combina sem esforo estilo e conforto nestes culos EA1041 para homens. As molduras retangulares de acetato e metal apresentam dobradias de mola flexveis e mantm seu equilbrio inicial, para um ajuste seguro. As armaes de culos Emporio Armani..<\/p>\n","protected":false},"featured_media":1425,"comment_status":"open","ping_status":"open","template":"","meta":[],"product_brand":[],"product_cat":[201,202],"product_tag":[284,285],"class_list":{"0":"post-1424","1":"product","2":"type-product","3":"status-publish","4":"has-post-thumbnail","6":"product_cat-acesssorios","7":"product_cat-oculos","8":"product_tag-oculos-de-sol-emporio-armani","9":"product_tag-oculos-de-sol-retangulares-masculinos","11":"first","12":"instock","13":"shipping-taxable","14":"product-type-external"},"_links":{"self":[{"href":"https:\/\/www.showman.moda\/index.php?rest_route=\/wp\/v2\/product\/1424","targetHints":{"allow":["GET"]}}],"collection":[{"href":"https:\/\/www.showman.moda\/index.php?rest_route=\/wp\/v2\/product"}],"about":[{"href":"https:\/\/www.showman.moda\/index.php?rest_route=\/wp\/v2\/types\/product"}],"replies":[{"embeddable":true,"href":"https:\/\/www.showman.moda\/index.php?rest_route=%2Fwp%2Fv2%2Fcomments&post=1424"}],"wp:featuredmedia":[{"embeddable":true,"href":"https:\/\/www.showman.moda\/index.php?rest_route=\/wp\/v2\/media\/1425"}],"wp:attachment":[{"href":"https:\/\/www.showman.moda\/index.php?rest_route=%2Fwp%2Fv2%2Fmedia&parent=1424"}],"wp:term":[{"taxonomy":"product_brand","embeddable":true,"href":"https:\/\/www.showman.moda\/index.php?rest_route=%2Fwp%2Fv2%2Fproduct_brand&post=1424"},{"taxonomy":"product_cat","embeddable":true,"href":"https:\/\/www.showman.moda\/index.php?rest_route=%2Fwp%2Fv2%2Fproduct_cat&post=1424"},{"taxonomy":"product_tag","embeddable":true,"href":"https:\/\/www.showman.moda\/index.php?rest_route=%2Fwp%2Fv2%2Fproduct_tag&post=1424"}],"curies":[{"name":"wp","href":"https:\/\/api.w.org\/{rel}","templated":true}]}}