{"id":1434,"date":"2026-04-05T21:57:28","date_gmt":"2026-04-05T21:57:28","guid":{"rendered":"https:\/\/www.showman.moda\/?product=persol-oculos-de-sol-redondos-po3152s"},"modified":"2026-04-08T12:05:59","modified_gmt":"2026-04-08T12:05:59","slug":"persol-oculos-de-sol-redondos-po3152s","status":"publish","type":"product","link":"https:\/\/www.showman.moda\/?product=persol-oculos-de-sol-redondos-po3152s","title":{"rendered":"Persol \u00f3culos de sol redondos PO3152S"},"content":{"rendered":"<div class=\"amazon-product-description\">Esta armao solar Phantos em acetato caracterizada por perfis finos, combinados com a ponte de fechadura, o icnico sistema Arrow e Meflecto. O estilo est disponvel em uma paleta de cores sofisticada, tornando esta moldura uma obra-prima do artesanato italiano. Projetado e trabalhado na Itlia, Persol &#8211; do italiano &#8220;per il sole&#8221; que significa &#8220;para o sol&#8221; &#8211; um favorito entre os criadores de gosto e celebridades por seu ajuste impecvel e clareza incrvel. As hastes Meflecto patenteadas da marca oferecem um ajuste seguro, enquanto as lentes de culos de sol temperadas com cristal fornecem proteo com viso sem distoro. Com um carter de marca que pode ser melhor descrito como elegante, exclusivo, elegante e nico, a Persol continua a ir alm das tendncias.<\/div>\n<ul class=\"amazon-product-details\">\n<li>Fabricante : Persol<\/li>\n<li>ASIN : B08PNNNGFM<\/li>\n<li>Nmero do modelo : PO3152S<\/li>\n<li>Departamento : adulto-unissex<\/li>\n<\/ul>\n<ul class=\"amazon-about-product\">\n<li>CARACTER\u00cdSTICAS DA ARMA\u00c7\u00c3O: O PO3152S apresenta uma arma\u00e7\u00e3o redonda Havana, com lentes verdes e uma ponte de fechadura.<\/li>\n<li>100% de prote\u00e7\u00e3o UV: para proteger seus olhos dos raios UV prejudiciais, estes \u00f3culos de sol Persol incluem lentes revestidas com 100% de prote\u00e7\u00e3o UV.<\/li>\n<li>Capa protetora inclu\u00edda: este par de \u00f3culos de sol Persol vem com uma capa protetora para proteger seus \u00f3culos de sol de arranh\u00f5es e danos.<\/li>\n<li>VISITE A LOJA DA MARCA PERSOL: Clique no logotipo da Persol acima para ver a variedade completa de \u00f3culos de sol e \u00f3culos Persol<\/li>\n<\/ul>\n<p>Esta arma\u00e7\u00e3o solar Phantos em acetato \u00e9 caracterizada por perfis finos, combinados com a ponte de fechadura, o ic\u00f4nico sistema Arrow e o Meflecto. O estilo \u00e9 dispon\u00edvel em uma paleta de cores sofisticada, tornando esta moldura uma obra-prima do artesanato italiano. Projetado e trabalhado na It\u00e1lia, a Persol \u2014 do italiano \u201cper il sole\u201d, que significa \u201cpara o sol\u201d \u2014 \u00e9 um favorito entre os criadores de gosto e celebridades por seu ajuste impec\u00e1vel e clareza incr\u00edvel. As hastes Meflecto patenteadas da marca oferecem um ajuste seguro, enquanto as lentes de \u00f3culos de sol temperadas com cristal fornecem prote\u00e7\u00e3o com vis\u00e3o sem distor\u00e7\u00e3o. Com um car\u00e1ter de marca que pode ser melhor descrito como elegante, exclusiva, elegante e \u00fanica, a Persol continua a ir al\u00e9m das tend\u00eancias.<\/p>\n","protected":false},"excerpt":{"rendered":"<p>Esta armao solar Phantos em acetato caracterizada por perfis finos, combinados com a ponte de fechadura, o icnico sistema Arrow e Meflecto. O estilo est disponvel em uma paleta de cores sofisticada, tornando esta moldura uma obra-prima do artesanato italiano&#8230;<\/p>\n","protected":false},"featured_media":1435,"comment_status":"open","ping_status":"open","template":"","meta":[],"product_brand":[],"product_cat":[201,202],"product_tag":[290,291],"class_list":{"0":"post-1434","1":"product","2":"type-product","3":"status-publish","4":"has-post-thumbnail","6":"product_cat-acesssorios","7":"product_cat-oculos","8":"product_tag-oculos-de-sol-redondos","9":"product_tag-persol-oculos-de-sol","11":"first","12":"instock","13":"shipping-taxable","14":"product-type-external"},"_links":{"self":[{"href":"https:\/\/www.showman.moda\/index.php?rest_route=\/wp\/v2\/product\/1434","targetHints":{"allow":["GET"]}}],"collection":[{"href":"https:\/\/www.showman.moda\/index.php?rest_route=\/wp\/v2\/product"}],"about":[{"href":"https:\/\/www.showman.moda\/index.php?rest_route=\/wp\/v2\/types\/product"}],"replies":[{"embeddable":true,"href":"https:\/\/www.showman.moda\/index.php?rest_route=%2Fwp%2Fv2%2Fcomments&post=1434"}],"wp:featuredmedia":[{"embeddable":true,"href":"https:\/\/www.showman.moda\/index.php?rest_route=\/wp\/v2\/media\/1435"}],"wp:attachment":[{"href":"https:\/\/www.showman.moda\/index.php?rest_route=%2Fwp%2Fv2%2Fmedia&parent=1434"}],"wp:term":[{"taxonomy":"product_brand","embeddable":true,"href":"https:\/\/www.showman.moda\/index.php?rest_route=%2Fwp%2Fv2%2Fproduct_brand&post=1434"},{"taxonomy":"product_cat","embeddable":true,"href":"https:\/\/www.showman.moda\/index.php?rest_route=%2Fwp%2Fv2%2Fproduct_cat&post=1434"},{"taxonomy":"product_tag","embeddable":true,"href":"https:\/\/www.showman.moda\/index.php?rest_route=%2Fwp%2Fv2%2Fproduct_tag&post=1434"}],"curies":[{"name":"wp","href":"https:\/\/api.w.org\/{rel}","templated":true}]}}