{"id":1442,"date":"2026-04-06T04:54:38","date_gmt":"2026-04-06T04:54:38","guid":{"rendered":"https:\/\/www.showman.moda\/?product=oculos-de-sol-polaroid-pld-7005s-preto-polarizado"},"modified":"2026-04-08T12:06:02","modified_gmt":"2026-04-08T12:06:02","slug":"oculos-de-sol-polaroid-pld-7005s-preto-polarizado","status":"publish","type":"product","link":"https:\/\/www.showman.moda\/?product=oculos-de-sol-polaroid-pld-7005s-preto-polarizado","title":{"rendered":"\u00d3culos de Sol Polaroid PLD 7005S Preto Polarizado"},"content":{"rendered":"<h2>\u00d3culos de Sol Masculino Polaroid (Prote\u00e7\u00e3o UV)<\/h2>\n<h3>Destaques do Produto<\/h3>\n<ul>\n<li><strong>Marca:<\/strong> Polaroid<\/li>\n<li><strong>G\u00eanero:<\/strong> Masculino<\/li>\n<li><strong>Estilo:<\/strong> contempor\u00e2neo e esportivo<\/li>\n<li><strong>Objetivo:<\/strong> valorizar o rosto com design moderno e <strong>prote\u00e7\u00e3o contra raios UV<\/strong><\/li>\n<\/ul>\n<h3>Prote\u00e7\u00e3o<\/h3>\n<ul>\n<li><strong>Prote\u00e7\u00e3o UV \/ UVB \/ UVC<\/strong><\/li>\n<li><strong>Lentes polarizadas:<\/strong> ajudam a reduzir reflexos e contribuem para maior conforto visual<\/li>\n<\/ul>\n<h3>Design e Cores<\/h3>\n<ul>\n<li><strong>Arma\u00e7\u00e3o:<\/strong> preta (pl\u00e1stico)<\/li>\n<li><strong>Lentes:<\/strong> verdes <strong>polarizadas<\/strong> (categoria 3)<\/li>\n<li><strong>Formato:<\/strong> estilo \u201cenvolvido\u201d (wrap) para melhor cobertura e presen\u00e7a no visual<\/li>\n<\/ul>\n<h3>Especifica\u00e7\u00f5es<\/h3>\n<ul>\n<li><strong>Material:<\/strong> Poliamida<\/li>\n<li><strong>Tamanho da lente:<\/strong> 63<\/li>\n<li><strong>Tamanho da haste:<\/strong> 123<\/li>\n<\/ul>\n<h3>Garantia<\/h3>\n<ul>\n<li><strong>12 meses<\/strong> pelo fabricante<\/li>\n<\/ul>\n<h3>Modelo e Fabricante<\/h3>\n<ul>\n<li><strong>Fabricante:<\/strong> Polaroid<\/li>\n<li><strong>N\u00famero do modelo:<\/strong> <strong>PLD 7005\/S RC<\/strong><\/li>\n<li><strong>Categoria:<\/strong> \u00d3culos de sol (masculino)<\/li>\n<\/ul>\n","protected":false},"excerpt":{"rendered":"<p>Polaroid jovialidade e otimismo graas a estilos contemporneos e a combinaes cromticas divertidas que preenchem os culos da marca.Estilo, cor e tecnologia so as trs palavras-chave da Polaroid, ondeo objetivo proporcionar beleza ao rosto de todos e proteger contra os..<\/p>\n","protected":false},"featured_media":1443,"comment_status":"open","ping_status":"open","template":"","meta":[],"product_brand":[],"product_cat":[201,202],"product_tag":[218,294],"class_list":{"0":"post-1442","1":"product","2":"type-product","3":"status-publish","4":"has-post-thumbnail","6":"product_cat-acesssorios","7":"product_cat-oculos","8":"product_tag-oculos-de-sol-polarizados","9":"product_tag-oculos-polaroid-preto","11":"first","12":"instock","13":"shipping-taxable","14":"product-type-external"},"_links":{"self":[{"href":"https:\/\/www.showman.moda\/index.php?rest_route=\/wp\/v2\/product\/1442","targetHints":{"allow":["GET"]}}],"collection":[{"href":"https:\/\/www.showman.moda\/index.php?rest_route=\/wp\/v2\/product"}],"about":[{"href":"https:\/\/www.showman.moda\/index.php?rest_route=\/wp\/v2\/types\/product"}],"replies":[{"embeddable":true,"href":"https:\/\/www.showman.moda\/index.php?rest_route=%2Fwp%2Fv2%2Fcomments&post=1442"}],"wp:featuredmedia":[{"embeddable":true,"href":"https:\/\/www.showman.moda\/index.php?rest_route=\/wp\/v2\/media\/1443"}],"wp:attachment":[{"href":"https:\/\/www.showman.moda\/index.php?rest_route=%2Fwp%2Fv2%2Fmedia&parent=1442"}],"wp:term":[{"taxonomy":"product_brand","embeddable":true,"href":"https:\/\/www.showman.moda\/index.php?rest_route=%2Fwp%2Fv2%2Fproduct_brand&post=1442"},{"taxonomy":"product_cat","embeddable":true,"href":"https:\/\/www.showman.moda\/index.php?rest_route=%2Fwp%2Fv2%2Fproduct_cat&post=1442"},{"taxonomy":"product_tag","embeddable":true,"href":"https:\/\/www.showman.moda\/index.php?rest_route=%2Fwp%2Fv2%2Fproduct_tag&post=1442"}],"curies":[{"name":"wp","href":"https:\/\/api.w.org\/{rel}","templated":true}]}}