{"id":1444,"date":"2026-04-06T04:59:07","date_gmt":"2026-04-06T04:59:07","guid":{"rendered":"https:\/\/www.showman.moda\/?product=oculos-de-sol-carvin-2-0-hb-unissex"},"modified":"2026-04-08T12:06:02","modified_gmt":"2026-04-08T12:06:02","slug":"oculos-de-sol-carvin-2-0-hb-unissex","status":"publish","type":"product","link":"https:\/\/www.showman.moda\/?product=oculos-de-sol-carvin-2-0-hb-unissex","title":{"rendered":"\u00d3culos de Sol Carvin 2.0, HB, Unissex"},"content":{"rendered":"<h2>Produto: \u00d3culos de Sol HB H-BOMB 2.0<\/h2>\n<p><strong>Cor\/Acabamento:<\/strong> Matte Black com detalhes em Blue Chrome<br \/>\n<strong>Categoria:<\/strong> Adulto Unissex<br \/>\n<strong>Modelo:<\/strong> 10100510243026<\/p>\n<h2>Design<\/h2>\n<ul>\n<li><strong>Estilo moderno e vers\u00e1til<\/strong>, inspirado nos best-sellers da marca<\/li>\n<li><strong>Hastes com decora\u00e7\u00e3o estilizada<\/strong><\/li>\n<li><strong>Dispon\u00edvel em combina\u00e7\u00f5es<\/strong> de cores e lentes para diferentes prefer\u00eancias<\/li>\n<\/ul>\n<h2>Linha \/ Fabricante<\/h2>\n<ul>\n<li><strong>Fabricante:<\/strong> HB<\/li>\n<\/ul>\n<hr \/>\n","protected":false},"excerpt":{"rendered":"<p>CULOS HB CARVIN 2.0 MATTE BLACK BLUE CHROME<\/p>\n","protected":false},"featured_media":1445,"comment_status":"open","ping_status":"open","template":"","meta":[],"product_brand":[],"product_cat":[201,202],"product_tag":[295,223],"class_list":{"0":"post-1444","1":"product","2":"type-product","3":"status-publish","4":"has-post-thumbnail","6":"product_cat-acesssorios","7":"product_cat-oculos","8":"product_tag-carvin-2-0-hb","9":"product_tag-oculos-de-sol-unissex","11":"first","12":"instock","13":"shipping-taxable","14":"product-type-external"},"_links":{"self":[{"href":"https:\/\/www.showman.moda\/index.php?rest_route=\/wp\/v2\/product\/1444","targetHints":{"allow":["GET"]}}],"collection":[{"href":"https:\/\/www.showman.moda\/index.php?rest_route=\/wp\/v2\/product"}],"about":[{"href":"https:\/\/www.showman.moda\/index.php?rest_route=\/wp\/v2\/types\/product"}],"replies":[{"embeddable":true,"href":"https:\/\/www.showman.moda\/index.php?rest_route=%2Fwp%2Fv2%2Fcomments&post=1444"}],"wp:featuredmedia":[{"embeddable":true,"href":"https:\/\/www.showman.moda\/index.php?rest_route=\/wp\/v2\/media\/1445"}],"wp:attachment":[{"href":"https:\/\/www.showman.moda\/index.php?rest_route=%2Fwp%2Fv2%2Fmedia&parent=1444"}],"wp:term":[{"taxonomy":"product_brand","embeddable":true,"href":"https:\/\/www.showman.moda\/index.php?rest_route=%2Fwp%2Fv2%2Fproduct_brand&post=1444"},{"taxonomy":"product_cat","embeddable":true,"href":"https:\/\/www.showman.moda\/index.php?rest_route=%2Fwp%2Fv2%2Fproduct_cat&post=1444"},{"taxonomy":"product_tag","embeddable":true,"href":"https:\/\/www.showman.moda\/index.php?rest_route=%2Fwp%2Fv2%2Fproduct_tag&post=1444"}],"curies":[{"name":"wp","href":"https:\/\/api.w.org\/{rel}","templated":true}]}}