{"id":1456,"date":"2026-04-06T07:44:35","date_gmt":"2026-04-06T07:44:35","guid":{"rendered":"https:\/\/www.showman.moda\/?product=oculos-de-sol-hb-floyd-9011729788-60-cinza-fosco"},"modified":"2026-04-08T12:06:07","modified_gmt":"2026-04-08T12:06:07","slug":"oculos-de-sol-hb-floyd-9011729788-60-cinza-fosco","status":"publish","type":"product","link":"https:\/\/www.showman.moda\/?product=oculos-de-sol-hb-floyd-9011729788-60-cinza-fosco","title":{"rendered":"\u00d3culos de Sol HB Floyd 9011729788\/60 Cinza Fosco"},"content":{"rendered":"<h2>\u00d3culos HB Floyd \u2013 Matte Onyx<\/h2>\n<h3>Destaques<\/h3>\n<ul>\n<li>Maior durabilidade e leveza, ideal para ciclistas que buscam desempenho<\/li>\n<li>Lentes com alta resist\u00eancia a impactos<\/li>\n<li>Tratamento anti-riscos para facilitar a limpeza<\/li>\n<li>Prote\u00e7\u00e3o UV: UVA\/UVB<\/li>\n<\/ul>\n<h3>Especifica\u00e7\u00f5es do Produto<\/h3>\n<ul>\n<li><strong>Marca:<\/strong> HB<\/li>\n<li><strong>Modelo:<\/strong> Floyd<\/li>\n<li><strong>Cor da arma\u00e7\u00e3o:<\/strong> Matte Onyx<\/li>\n<li><strong>Cor da lente:<\/strong> Prata<\/li>\n<li><strong>Lente:<\/strong> Policarbonato resistente (r\u00edgida e leve)<\/li>\n<li><strong>Peso aproximado:<\/strong> 24 g<\/li>\n<\/ul>\n<h3>Acompanha<\/h3>\n<ul>\n<li><strong>Case r\u00edgido<\/strong> para armazenamento<\/li>\n<\/ul>\n<h3>Garantia<\/h3>\n<ul>\n<li><strong>1 ano<\/strong><\/li>\n<\/ul>\n<h3>Dados T\u00e9cnicos (Identifica\u00e7\u00e3o)<\/h3>\n<ul>\n<li><strong>MPN:<\/strong> 9011729788<\/li>\n<li><strong>GTIN:<\/strong> 7909306005906<\/li>\n<li><strong>Fabricante:<\/strong> HB<\/li>\n<\/ul>\n","protected":false},"excerpt":{"rendered":"<p>&#8216;- Marca: Hb- Modelo: Floyd- Cor Armao: Matte Onyx- Cor lente: Prata- Muito mais durabilidade e leveza, ideal para os ciclistas que buscam ainda mais desempenho- Acompanha: Case rgido para guardar os culos- Lente: Padro* Policarbonato resistente, rgida e leve*..<\/p>\n","protected":false},"featured_media":1457,"comment_status":"open","ping_status":"open","template":"","meta":[],"product_brand":[],"product_cat":[201,202],"product_tag":[288,204],"class_list":{"0":"post-1456","1":"product","2":"type-product","3":"status-publish","4":"has-post-thumbnail","6":"product_cat-acesssorios","7":"product_cat-oculos","8":"product_tag-oculos-cinza-fosco","9":"product_tag-oculos-de-sol","11":"first","12":"instock","13":"shipping-taxable","14":"product-type-external"},"_links":{"self":[{"href":"https:\/\/www.showman.moda\/index.php?rest_route=\/wp\/v2\/product\/1456","targetHints":{"allow":["GET"]}}],"collection":[{"href":"https:\/\/www.showman.moda\/index.php?rest_route=\/wp\/v2\/product"}],"about":[{"href":"https:\/\/www.showman.moda\/index.php?rest_route=\/wp\/v2\/types\/product"}],"replies":[{"embeddable":true,"href":"https:\/\/www.showman.moda\/index.php?rest_route=%2Fwp%2Fv2%2Fcomments&post=1456"}],"wp:featuredmedia":[{"embeddable":true,"href":"https:\/\/www.showman.moda\/index.php?rest_route=\/wp\/v2\/media\/1457"}],"wp:attachment":[{"href":"https:\/\/www.showman.moda\/index.php?rest_route=%2Fwp%2Fv2%2Fmedia&parent=1456"}],"wp:term":[{"taxonomy":"product_brand","embeddable":true,"href":"https:\/\/www.showman.moda\/index.php?rest_route=%2Fwp%2Fv2%2Fproduct_brand&post=1456"},{"taxonomy":"product_cat","embeddable":true,"href":"https:\/\/www.showman.moda\/index.php?rest_route=%2Fwp%2Fv2%2Fproduct_cat&post=1456"},{"taxonomy":"product_tag","embeddable":true,"href":"https:\/\/www.showman.moda\/index.php?rest_route=%2Fwp%2Fv2%2Fproduct_tag&post=1456"}],"curies":[{"name":"wp","href":"https:\/\/api.w.org\/{rel}","templated":true}]}}