{"id":1458,"date":"2026-04-06T07:54:16","date_gmt":"2026-04-06T07:54:16","guid":{"rendered":"https:\/\/www.showman.moda\/?product=oculos-de-sol-h"},"modified":"2026-04-08T12:06:07","modified_gmt":"2026-04-08T12:06:07","slug":"oculos-de-sol-h","status":"publish","type":"product","link":"https:\/\/www.showman.moda\/?product=oculos-de-sol-h","title":{"rendered":"\u00d3culos de Sol H"},"content":{"rendered":"<h2>Produto: Culos HB H-BOMB 2 (Matte Black Gray)<\/h2>\n<h3>Marca<\/h3>\n<ul>\n<li><strong>HB<\/strong><\/li>\n<\/ul>\n<h3>Categoria<\/h3>\n<ul>\n<li><strong>Adulto unissex<\/strong><\/li>\n<\/ul>\n<h3>Caracter\u00edsticas<\/h3>\n<ul>\n<li><strong>Lentes polarizadas<\/strong><\/li>\n<li><strong>Bloqueio\/atenua\u00e7\u00e3o de luz azul at\u00e9 480 nm<\/strong>\n<ul>\n<li><strong>UVA \/ UVB \/ UVC<\/strong><\/li>\n<\/ul>\n<\/li>\n<\/ul>\n<h3>Dimens\u00f5es e Peso<\/h3>\n<ul>\n<li><strong>Dimens\u00f5es:<\/strong> 8 \u00d7 25 \u00d7 16 cm<\/li>\n<li><strong>Peso:<\/strong> 300 g<\/li>\n<\/ul>\n<h3>Modelo<\/h3>\n<ul>\n<li><strong>N\u00famero do modelo:<\/strong> 10103210243001<\/li>\n<\/ul>\n<h3>Informa\u00e7\u00f5es Adicionais<\/h3>\n<ul>\n<li><strong>Aten\u00e7\u00e3o:<\/strong> leia as <strong>instru\u00e7\u00f5es de cuidado<\/strong> antes de usar.<\/li>\n<li><strong>Produto descontinuado pelo fabricante:<\/strong> <strong>n\u00e3o informado<\/strong> (indicado como \u201cNo\u201d).<\/li>\n<\/ul>\n","protected":false},"excerpt":{"rendered":"<p>CULOS HB H-BOMB 2 MATTE BLACK GRAY. Fabricado pela marca HB. A pea fortalece suas necessidades de moda, o que ajuda voc a aproveitar do seu style. Por favor, leia as instrues de cuidado antes de usar.<\/p>\n","protected":false},"featured_media":1459,"comment_status":"open","ping_status":"open","template":"","meta":[],"product_brand":[],"product_cat":[201,202],"product_tag":[302,204],"class_list":{"0":"post-1458","1":"product","2":"type-product","3":"status-publish","4":"has-post-thumbnail","6":"product_cat-acesssorios","7":"product_cat-oculos","8":"product_tag-moda-eyewear","9":"product_tag-oculos-de-sol","11":"first","12":"instock","13":"shipping-taxable","14":"product-type-external"},"_links":{"self":[{"href":"https:\/\/www.showman.moda\/index.php?rest_route=\/wp\/v2\/product\/1458","targetHints":{"allow":["GET"]}}],"collection":[{"href":"https:\/\/www.showman.moda\/index.php?rest_route=\/wp\/v2\/product"}],"about":[{"href":"https:\/\/www.showman.moda\/index.php?rest_route=\/wp\/v2\/types\/product"}],"replies":[{"embeddable":true,"href":"https:\/\/www.showman.moda\/index.php?rest_route=%2Fwp%2Fv2%2Fcomments&post=1458"}],"wp:featuredmedia":[{"embeddable":true,"href":"https:\/\/www.showman.moda\/index.php?rest_route=\/wp\/v2\/media\/1459"}],"wp:attachment":[{"href":"https:\/\/www.showman.moda\/index.php?rest_route=%2Fwp%2Fv2%2Fmedia&parent=1458"}],"wp:term":[{"taxonomy":"product_brand","embeddable":true,"href":"https:\/\/www.showman.moda\/index.php?rest_route=%2Fwp%2Fv2%2Fproduct_brand&post=1458"},{"taxonomy":"product_cat","embeddable":true,"href":"https:\/\/www.showman.moda\/index.php?rest_route=%2Fwp%2Fv2%2Fproduct_cat&post=1458"},{"taxonomy":"product_tag","embeddable":true,"href":"https:\/\/www.showman.moda\/index.php?rest_route=%2Fwp%2Fv2%2Fproduct_tag&post=1458"}],"curies":[{"name":"wp","href":"https:\/\/api.w.org\/{rel}","templated":true}]}}