{"id":1462,"date":"2026-04-06T08:11:47","date_gmt":"2026-04-06T08:11:47","guid":{"rendered":"https:\/\/www.showman.moda\/?product=ray"},"modified":"2026-04-08T12:06:09","modified_gmt":"2026-04-08T12:06:09","slug":"ray","status":"publish","type":"product","link":"https:\/\/www.showman.moda\/?product=ray","title":{"rendered":"Ray"},"content":{"rendered":"<h2>\u00d3culos de Sol Ray-Ban Ferrari 4195M (Wayfarer)<\/h2>\n<ul>\n<li><strong>Marca:<\/strong> Ray-Ban<\/li>\n<li><strong>Modelo:<\/strong> 4195M (Wayfarer)<\/li>\n<li><strong>Cole\u00e7\u00e3o\/Linha:<\/strong> Ferrari<\/li>\n<li><strong>Tipo:<\/strong> \u00d3culos de sol masculino<\/li>\n<li><strong>Status:<\/strong> <strong>Descontinuado pelo fabricante<\/strong><\/li>\n<\/ul>\n<h2>Caracter\u00edsticas<\/h2>\n<ul>\n<li><strong>Lentes:<\/strong> espelhadas, com <strong>redu\u00e7\u00e3o do brilho<\/strong><\/li>\n<li><strong>Estilo:<\/strong> design cl\u00e1ssico tipo <strong>Wayfarer<\/strong>, com visual diferenciado<\/li>\n<li><strong>Arma\u00e7\u00e3o:<\/strong> <strong>acetato<\/strong>, oferecendo combina\u00e7\u00e3o de <strong>resist\u00eancia<\/strong> e <strong>leveza<\/strong>, ideal para uso di\u00e1rio<\/li>\n<li><strong>Prote\u00e7\u00e3o solar:<\/strong> <strong>prote\u00e7\u00e3o UV<\/strong> (conforme proposta do produto)<\/li>\n<\/ul>\n<h2>Especifica\u00e7\u00f5es do Produto<\/h2>\n<ul>\n<li><strong>Dimens\u00f5es:<\/strong> 20 \u00d7 20 \u00d7 20 cm<\/li>\n<li><strong>Peso:<\/strong> 150 g<\/li>\n<li><strong>N\u00famero do modelo:<\/strong> 0RB4195M<\/li>\n<li><strong>Material da arma\u00e7\u00e3o:<\/strong> acetato<\/li>\n<li><strong>Cor\/Refer\u00eancia:<\/strong> F60271<\/li>\n<\/ul>\n","protected":false},"excerpt":{"rendered":"<p>culos de Sol Ray Ban 4195M F60271 Acetato Masculino<\/p>\n","protected":false},"featured_media":1463,"comment_status":"open","ping_status":"open","template":"","meta":[],"product_brand":[],"product_cat":[201,202],"product_tag":[304,305],"class_list":{"0":"post-1462","1":"product","2":"type-product","3":"status-publish","4":"has-post-thumbnail","6":"product_cat-acesssorios","7":"product_cat-oculos","8":"product_tag-obra-de-arte-minimalista","9":"product_tag-titulo-do-curta-metragem","11":"first","12":"instock","13":"sale","14":"shipping-taxable","15":"product-type-external"},"_links":{"self":[{"href":"https:\/\/www.showman.moda\/index.php?rest_route=\/wp\/v2\/product\/1462","targetHints":{"allow":["GET"]}}],"collection":[{"href":"https:\/\/www.showman.moda\/index.php?rest_route=\/wp\/v2\/product"}],"about":[{"href":"https:\/\/www.showman.moda\/index.php?rest_route=\/wp\/v2\/types\/product"}],"replies":[{"embeddable":true,"href":"https:\/\/www.showman.moda\/index.php?rest_route=%2Fwp%2Fv2%2Fcomments&post=1462"}],"wp:featuredmedia":[{"embeddable":true,"href":"https:\/\/www.showman.moda\/index.php?rest_route=\/wp\/v2\/media\/1463"}],"wp:attachment":[{"href":"https:\/\/www.showman.moda\/index.php?rest_route=%2Fwp%2Fv2%2Fmedia&parent=1462"}],"wp:term":[{"taxonomy":"product_brand","embeddable":true,"href":"https:\/\/www.showman.moda\/index.php?rest_route=%2Fwp%2Fv2%2Fproduct_brand&post=1462"},{"taxonomy":"product_cat","embeddable":true,"href":"https:\/\/www.showman.moda\/index.php?rest_route=%2Fwp%2Fv2%2Fproduct_cat&post=1462"},{"taxonomy":"product_tag","embeddable":true,"href":"https:\/\/www.showman.moda\/index.php?rest_route=%2Fwp%2Fv2%2Fproduct_tag&post=1462"}],"curies":[{"name":"wp","href":"https:\/\/api.w.org\/{rel}","templated":true}]}}