{"id":1482,"date":"2026-04-07T20:00:11","date_gmt":"2026-04-07T20:00:11","guid":{"rendered":"https:\/\/www.showman.moda\/?product=oculos-de-sol-tommy-hilfiger-th-1862-s-086"},"modified":"2026-04-08T12:06:15","modified_gmt":"2026-04-08T12:06:15","slug":"oculos-de-sol-tommy-hilfiger-th-1862-s-086","status":"publish","type":"product","link":"https:\/\/www.showman.moda\/?product=oculos-de-sol-tommy-hilfiger-th-1862-s-086","title":{"rendered":"\u00d3culos de Sol Tommy Hilfiger TH 1862\/S 086"},"content":{"rendered":"<h2>\u00d3culos de Sol Tommy Hilfiger (Feminino) \u2013 Modelo TH1862\/S<\/h2>\n<h3>Informa\u00e7\u00f5es do Produto<\/h3>\n<ul>\n<li><strong>Marca:<\/strong> Tommy Hilfiger<\/li>\n<li><strong>Modelo:<\/strong> TH1862\/S (n\u00ba do modelo: <strong>204387<\/strong>)<\/li>\n<li><strong>Categoria:<\/strong> <strong>\u00d3culos de sol<\/strong><\/li>\n<li><strong>Departamento:<\/strong> Adulto unissex<\/li>\n<\/ul>\n<h3>Medidas e Peso<\/h3>\n<ul>\n<li><strong>Dimens\u00f5es:<\/strong> <strong>15,24 x 5,08 x 5,08 cm<\/strong><\/li>\n<li><strong>Peso:<\/strong> <strong>100 g<\/strong><\/li>\n<\/ul>\n<h3>Alimenta\u00e7\u00e3o (se aplic\u00e1vel)<\/h3>\n<ul>\n<li><strong>Requer bateria:<\/strong> <strong>1 pilha\/bateria<\/strong> (necessita de baterias)<\/li>\n<\/ul>\n<h3>Fabricante<\/h3>\n<ul>\n<li><strong>Tommy Hilfiger<\/strong><\/li>\n<\/ul>\n<h3>Dados do Produto (refer\u00eancia)<\/h3>\n<ul>\n<li><strong>ASIN:<\/strong> <strong>B09P5D6X15<\/strong><\/li>\n<\/ul>\n","protected":false},"excerpt":{"rendered":"<p>culos de Sol Tommy Hilfiger Feminino TH1862\/S<\/p>\n","protected":false},"featured_media":1483,"comment_status":"open","ping_status":"open","template":"","meta":[],"product_brand":[],"product_cat":[201,202],"product_tag":[204,314],"class_list":{"0":"post-1482","1":"product","2":"type-product","3":"status-publish","4":"has-post-thumbnail","6":"product_cat-acesssorios","7":"product_cat-oculos","8":"product_tag-oculos-de-sol","9":"product_tag-tommy-hilfiger-th-1862-s-086","11":"first","12":"instock","13":"shipping-taxable","14":"product-type-external"},"_links":{"self":[{"href":"https:\/\/www.showman.moda\/index.php?rest_route=\/wp\/v2\/product\/1482","targetHints":{"allow":["GET"]}}],"collection":[{"href":"https:\/\/www.showman.moda\/index.php?rest_route=\/wp\/v2\/product"}],"about":[{"href":"https:\/\/www.showman.moda\/index.php?rest_route=\/wp\/v2\/types\/product"}],"replies":[{"embeddable":true,"href":"https:\/\/www.showman.moda\/index.php?rest_route=%2Fwp%2Fv2%2Fcomments&post=1482"}],"wp:featuredmedia":[{"embeddable":true,"href":"https:\/\/www.showman.moda\/index.php?rest_route=\/wp\/v2\/media\/1483"}],"wp:attachment":[{"href":"https:\/\/www.showman.moda\/index.php?rest_route=%2Fwp%2Fv2%2Fmedia&parent=1482"}],"wp:term":[{"taxonomy":"product_brand","embeddable":true,"href":"https:\/\/www.showman.moda\/index.php?rest_route=%2Fwp%2Fv2%2Fproduct_brand&post=1482"},{"taxonomy":"product_cat","embeddable":true,"href":"https:\/\/www.showman.moda\/index.php?rest_route=%2Fwp%2Fv2%2Fproduct_cat&post=1482"},{"taxonomy":"product_tag","embeddable":true,"href":"https:\/\/www.showman.moda\/index.php?rest_route=%2Fwp%2Fv2%2Fproduct_tag&post=1482"}],"curies":[{"name":"wp","href":"https:\/\/api.w.org\/{rel}","templated":true}]}}