{"id":1500,"date":"2026-04-07T21:29:42","date_gmt":"2026-04-07T21:29:42","guid":{"rendered":"https:\/\/www.showman.moda\/?product=oculos-de-sol-tommy-hilfiger-th-1974-s-fll"},"modified":"2026-04-08T12:06:21","modified_gmt":"2026-04-08T12:06:21","slug":"oculos-de-sol-tommy-hilfiger-th-1974-s-fll","status":"publish","type":"product","link":"https:\/\/www.showman.moda\/?product=oculos-de-sol-tommy-hilfiger-th-1974-s-fll","title":{"rendered":"\u00d3culos de Sol Tommy Hilfiger TH 1974\/S FLL"},"content":{"rendered":"<h2>Sobre a Marca<\/h2>\n<ul>\n<li><strong>Tommy Hilfiger<\/strong>: marca de moda fundada em <strong>1984<\/strong> pelo designer hom\u00f4nimo, tornando-se um s\u00edmbolo global do esp\u00edrito americano.<\/li>\n<\/ul>\n<h2>Produto<\/h2>\n<ul>\n<li><strong>Tipo<\/strong>: \u00d3culos de Sol<\/li>\n<li><strong>Modelo<\/strong>: <strong>TH 1974\/S FLL 579OC<\/strong><\/li>\n<li><strong>Cole\u00e7\u00e3o\/Estilo<\/strong>: <strong>Classy<\/strong><\/li>\n<li><strong>G\u00eanero<\/strong>: Masculino<\/li>\n<li><strong>Formato<\/strong>: Retangular<\/li>\n<\/ul>\n<h2>Arma\u00e7\u00e3o e Cores<\/h2>\n<ul>\n<li><strong>Materiais da arma\u00e7\u00e3o<\/strong>:\n<ul>\n<li><strong>A\u00e7o Inoxid\u00e1vel<\/strong><\/li>\n<li><strong>Acetato<\/strong><\/li>\n<\/ul>\n<\/li>\n<li><strong>Cores da arma\u00e7\u00e3o<\/strong>:\n<ul>\n<li><strong>Azul Fosco<\/strong><\/li>\n<li><strong>Azul<\/strong><\/li>\n<\/ul>\n<\/li>\n<\/ul>\n<h2>Lentes<\/h2>\n<ul>\n<li><strong>Tipo de lente<\/strong>: <strong>Cinza Escuro Degrad\u00ea<\/strong><\/li>\n<li><strong>Prote\u00e7\u00e3o UV<\/strong>: <strong>UV100%<\/strong><\/li>\n<\/ul>\n<h2>Medidas (mm)<\/h2>\n<ul>\n<li><strong>Tamanho da lente<\/strong>: <strong>57 mm<\/strong><\/li>\n<li><strong>Altura da lente<\/strong>: <strong>40,6 mm<\/strong><\/li>\n<li><strong>Tamanho da haste<\/strong>: <strong>140 mm<\/strong><\/li>\n<li><strong>Tamanho da ponte<\/strong>: <strong>19 mm<\/strong><\/li>\n<li><strong>Base da lente<\/strong>: <strong>6 Esf\u00e9rica<\/strong><\/li>\n<\/ul>\n<h2>Garantia<\/h2>\n<ul>\n<li><strong>12 meses<\/strong> pelo fabricante.<\/li>\n<\/ul>\n<h2>Informa\u00e7\u00f5es do Fabricante<\/h2>\n<ul>\n<li><strong>Fabricante<\/strong>: Tommy Hilfiger<\/li>\n<li><strong>N\u00famero do modelo<\/strong>: <strong>205822<\/strong><\/li>\n<li><strong>Peso\/Dimens\u00f5es<\/strong>: <strong>100 g<\/strong> (dimens\u00f5es do produto: <strong>1 x 1 x 1 cm<\/strong>)<\/li>\n<\/ul>\n","protected":false},"excerpt":{"rendered":"<p>Tommy Hilfiger uma marca de moda fundada em 1984 pelo designer de mesmo nome que tornou-se um smbolo global do esprito americano.A coleo de culos Tommy Hilfiger tem uma grande variedade de modelos e estilos, onde a elegncia de Nova..<\/p>\n","protected":false},"featured_media":1501,"comment_status":"open","ping_status":"open","template":"","meta":[],"product_brand":[],"product_cat":[201,202],"product_tag":[313,311],"class_list":{"0":"post-1500","1":"product","2":"type-product","3":"status-publish","4":"has-post-thumbnail","6":"product_cat-acesssorios","7":"product_cat-oculos","8":"product_tag-oculos-de-grife","9":"product_tag-oculos-de-sol-tommy-hilfiger","11":"first","12":"instock","13":"shipping-taxable","14":"product-type-external"},"_links":{"self":[{"href":"https:\/\/www.showman.moda\/index.php?rest_route=\/wp\/v2\/product\/1500","targetHints":{"allow":["GET"]}}],"collection":[{"href":"https:\/\/www.showman.moda\/index.php?rest_route=\/wp\/v2\/product"}],"about":[{"href":"https:\/\/www.showman.moda\/index.php?rest_route=\/wp\/v2\/types\/product"}],"replies":[{"embeddable":true,"href":"https:\/\/www.showman.moda\/index.php?rest_route=%2Fwp%2Fv2%2Fcomments&post=1500"}],"wp:featuredmedia":[{"embeddable":true,"href":"https:\/\/www.showman.moda\/index.php?rest_route=\/wp\/v2\/media\/1501"}],"wp:attachment":[{"href":"https:\/\/www.showman.moda\/index.php?rest_route=%2Fwp%2Fv2%2Fmedia&parent=1500"}],"wp:term":[{"taxonomy":"product_brand","embeddable":true,"href":"https:\/\/www.showman.moda\/index.php?rest_route=%2Fwp%2Fv2%2Fproduct_brand&post=1500"},{"taxonomy":"product_cat","embeddable":true,"href":"https:\/\/www.showman.moda\/index.php?rest_route=%2Fwp%2Fv2%2Fproduct_cat&post=1500"},{"taxonomy":"product_tag","embeddable":true,"href":"https:\/\/www.showman.moda\/index.php?rest_route=%2Fwp%2Fv2%2Fproduct_tag&post=1500"}],"curies":[{"name":"wp","href":"https:\/\/api.w.org\/{rel}","templated":true}]}}